{"id":10048,"date":"2022-08-30T17:40:47","date_gmt":"2022-08-30T17:40:47","guid":{"rendered":"https:\/\/deccore.com.br\/loja\/?post_type=product&#038;p=10048"},"modified":"2023-11-23T16:39:34","modified_gmt":"2023-11-23T16:39:34","slug":"luminaria-de-chao-pronta-entrega","status":"publish","type":"product","link":"https:\/\/deccore.com.br\/loja\/product\/luminaria-de-chao-pronta-entrega\/","title":{"rendered":"LUMINARIA DE CH\u00c3O &#8211; ENCOMENDA."},"content":{"rendered":"","protected":false},"excerpt":{"rendered":"<p>As lumin\u00e1rias de ch\u00e3o s\u00e3o perfeitas para compor o ambiente e deix\u00e1-lo com um toque aconchegante e intimista.<\/p>\n<p>Este tipo de ilumina\u00e7\u00e3o tem um estilo contempor\u00e2neo e charmoso, feito em madeira, combina bem com uma decora\u00e7\u00e3o mais moderna e tradicional, tornando &#8211; se uma pe\u00e7a vers\u00e1til e atemporal.<\/p>\n","protected":false},"featured_media":10049,"template":"","meta":[],"product_brand":[],"product_cat":[15,77],"product_tag":[],"class_list":{"0":"post-10048","1":"product","2":"type-product","3":"status-publish","4":"has-post-thumbnail","6":"product_cat-uncategorized","7":"product_cat-luminaria","9":"first","10":"instock","11":"shipping-taxable","12":"product-type-simple"},"_links":{"self":[{"href":"https:\/\/deccore.com.br\/loja\/wp-json\/wp\/v2\/product\/10048","targetHints":{"allow":["GET"]}}],"collection":[{"href":"https:\/\/deccore.com.br\/loja\/wp-json\/wp\/v2\/product"}],"about":[{"href":"https:\/\/deccore.com.br\/loja\/wp-json\/wp\/v2\/types\/product"}],"version-history":[{"count":3,"href":"https:\/\/deccore.com.br\/loja\/wp-json\/wp\/v2\/product\/10048\/revisions"}],"predecessor-version":[{"id":13198,"href":"https:\/\/deccore.com.br\/loja\/wp-json\/wp\/v2\/product\/10048\/revisions\/13198"}],"wp:featuredmedia":[{"embeddable":true,"href":"https:\/\/deccore.com.br\/loja\/wp-json\/wp\/v2\/media\/10049"}],"wp:attachment":[{"href":"https:\/\/deccore.com.br\/loja\/wp-json\/wp\/v2\/media?parent=10048"}],"wp:term":[{"taxonomy":"product_brand","embeddable":true,"href":"https:\/\/deccore.com.br\/loja\/wp-json\/wp\/v2\/product_brand?post=10048"},{"taxonomy":"product_cat","embeddable":true,"href":"https:\/\/deccore.com.br\/loja\/wp-json\/wp\/v2\/product_cat?post=10048"},{"taxonomy":"product_tag","embeddable":true,"href":"https:\/\/deccore.com.br\/loja\/wp-json\/wp\/v2\/product_tag?post=10048"}],"curies":[{"name":"wp","href":"https:\/\/api.w.org\/{rel}","templated":true}]}}