{"id":10325,"date":"2022-09-21T16:05:04","date_gmt":"2022-09-21T16:05:04","guid":{"rendered":"https:\/\/deccore.com.br\/loja\/?post_type=product&#038;p=10325"},"modified":"2024-10-22T19:06:23","modified_gmt":"2024-10-22T19:06:23","slug":"cadeira-linea-encomenda","status":"publish","type":"product","link":"https:\/\/deccore.com.br\/loja\/product\/cadeira-linea-encomenda\/","title":{"rendered":"CADEIRA LINEA &#8211; ENCOMENDA"},"content":{"rendered":"","protected":false},"excerpt":{"rendered":"<p>ESTRUTURA EM A\u00c7O CARBONO PINTADO (OP\u00c7\u00d5ES DE CORES)<\/p>\n<p>V\u00c1RIAS OP\u00c7\u00d5ES DE RESVESTIMENTOS.<\/p>\n","protected":false},"featured_media":10326,"template":"","meta":[],"product_brand":[],"product_cat":[101,62],"product_tag":[],"class_list":{"0":"post-10325","1":"product","2":"type-product","3":"status-publish","4":"has-post-thumbnail","6":"product_cat-cadeira","7":"product_cat-cadeiras","9":"first","10":"onbackorder","11":"shipping-taxable","12":"product-type-simple"},"_links":{"self":[{"href":"https:\/\/deccore.com.br\/loja\/wp-json\/wp\/v2\/product\/10325","targetHints":{"allow":["GET"]}}],"collection":[{"href":"https:\/\/deccore.com.br\/loja\/wp-json\/wp\/v2\/product"}],"about":[{"href":"https:\/\/deccore.com.br\/loja\/wp-json\/wp\/v2\/types\/product"}],"version-history":[{"count":2,"href":"https:\/\/deccore.com.br\/loja\/wp-json\/wp\/v2\/product\/10325\/revisions"}],"predecessor-version":[{"id":11240,"href":"https:\/\/deccore.com.br\/loja\/wp-json\/wp\/v2\/product\/10325\/revisions\/11240"}],"wp:featuredmedia":[{"embeddable":true,"href":"https:\/\/deccore.com.br\/loja\/wp-json\/wp\/v2\/media\/10326"}],"wp:attachment":[{"href":"https:\/\/deccore.com.br\/loja\/wp-json\/wp\/v2\/media?parent=10325"}],"wp:term":[{"taxonomy":"product_brand","embeddable":true,"href":"https:\/\/deccore.com.br\/loja\/wp-json\/wp\/v2\/product_brand?post=10325"},{"taxonomy":"product_cat","embeddable":true,"href":"https:\/\/deccore.com.br\/loja\/wp-json\/wp\/v2\/product_cat?post=10325"},{"taxonomy":"product_tag","embeddable":true,"href":"https:\/\/deccore.com.br\/loja\/wp-json\/wp\/v2\/product_tag?post=10325"}],"curies":[{"name":"wp","href":"https:\/\/api.w.org\/{rel}","templated":true}]}}