{"id":10354,"date":"2022-09-22T13:39:46","date_gmt":"2022-09-22T13:39:46","guid":{"rendered":"https:\/\/deccore.com.br\/loja\/?post_type=product&#038;p=10354"},"modified":"2024-10-09T14:54:20","modified_gmt":"2024-10-09T14:54:20","slug":"sofa-nix-encomenda-s-g","status":"publish","type":"product","link":"https:\/\/deccore.com.br\/loja\/product\/sofa-nix-encomenda-s-g\/","title":{"rendered":"SOF\u00c1 NIX &#8211; SOB.  ENCOMENDA &#8211; S.G"},"content":{"rendered":"","protected":false},"excerpt":{"rendered":"<p>V\u00c1RIAS OP\u00c7\u00d5ES DE MEDIDAS E REVESTIMENTOS.<\/p>\n","protected":false},"featured_media":10355,"template":"","meta":[],"product_brand":[],"product_cat":[85,65],"product_tag":[],"class_list":{"0":"post-10354","1":"product","2":"type-product","3":"status-publish","4":"has-post-thumbnail","6":"product_cat-estofados","7":"product_cat-sofas-2","9":"first","10":"onbackorder","11":"shipping-taxable","12":"product-type-simple"},"_links":{"self":[{"href":"https:\/\/deccore.com.br\/loja\/wp-json\/wp\/v2\/product\/10354","targetHints":{"allow":["GET"]}}],"collection":[{"href":"https:\/\/deccore.com.br\/loja\/wp-json\/wp\/v2\/product"}],"about":[{"href":"https:\/\/deccore.com.br\/loja\/wp-json\/wp\/v2\/types\/product"}],"version-history":[{"count":3,"href":"https:\/\/deccore.com.br\/loja\/wp-json\/wp\/v2\/product\/10354\/revisions"}],"predecessor-version":[{"id":15559,"href":"https:\/\/deccore.com.br\/loja\/wp-json\/wp\/v2\/product\/10354\/revisions\/15559"}],"wp:featuredmedia":[{"embeddable":true,"href":"https:\/\/deccore.com.br\/loja\/wp-json\/wp\/v2\/media\/10355"}],"wp:attachment":[{"href":"https:\/\/deccore.com.br\/loja\/wp-json\/wp\/v2\/media?parent=10354"}],"wp:term":[{"taxonomy":"product_brand","embeddable":true,"href":"https:\/\/deccore.com.br\/loja\/wp-json\/wp\/v2\/product_brand?post=10354"},{"taxonomy":"product_cat","embeddable":true,"href":"https:\/\/deccore.com.br\/loja\/wp-json\/wp\/v2\/product_cat?post=10354"},{"taxonomy":"product_tag","embeddable":true,"href":"https:\/\/deccore.com.br\/loja\/wp-json\/wp\/v2\/product_tag?post=10354"}],"curies":[{"name":"wp","href":"https:\/\/api.w.org\/{rel}","templated":true}]}}