{"id":10426,"date":"2022-10-05T15:48:09","date_gmt":"2022-10-05T15:48:09","guid":{"rendered":"https:\/\/deccore.com.br\/loja\/?post_type=product&#038;p=10426"},"modified":"2024-10-22T18:38:21","modified_gmt":"2024-10-22T18:38:21","slug":"poltrona-neca-pronta-entrega","status":"publish","type":"product","link":"https:\/\/deccore.com.br\/loja\/product\/poltrona-neca-pronta-entrega\/","title":{"rendered":"POLTRONA NECA &#8211; ENCOMENDA &#8211; 22834"},"content":{"rendered":"","protected":false},"excerpt":{"rendered":"<p>PE\u00c7A ASSINADA PELO DESIGNER: EMERSON BORGES.<\/p>\n<p>V\u00c1RIAS OP\u00c7\u00d5ES DE REVESTIMENTOS E L\u00c2MINAS.<\/p>\n<p>Emerson Borges \u00e9 designer, graduado na PUC- PR em 1979 e p\u00f3s-graduado<br \/>\nem Marketing pela Faculdade de Administra\u00e7\u00e3o e Economia (FAE). Atuou<br \/>\ncomo docente na Pontif\u00edcia Universidade Cat\u00f3lica do Paran\u00e1 e no curso de<br \/>\np\u00f3s-gradua\u00e7\u00e3o de Marketing da FAE. Trabalhou como consultor empresarial<br \/>\natrav\u00e9s da Alvarenga, Borges e Associados (ABA). Tamb\u00e9m atuou como<br \/>\nDiretor de Cria\u00e7\u00e3o na Trio Comunica\u00e7\u00e3o, desenvolvendo trabalhos para<br \/>\ndiversos clientes. A poltrona F\u00f3lio, de sua cria\u00e7\u00e3o, \u00e9 parte integrante do<br \/>\nacervo permanente de Design do Museu Oscar Niemeyer. Suas pe\u00e7as K e<br \/>\nFly foram premiadas com o Certificado de Boa Forma. A linha Elements, de<br \/>\nportas, foi premiada no Sal\u00e3o de Design\/Casa Brasil 2013. Hoje Emerson<br \/>\natua no mercado atrav\u00e9s da B2D Design.<\/p>\n","protected":false},"featured_media":10429,"template":"","meta":[],"product_brand":[],"product_cat":[64],"product_tag":[],"class_list":{"0":"post-10426","1":"product","2":"type-product","3":"status-publish","4":"has-post-thumbnail","6":"product_cat-poltronas","8":"first","9":"onbackorder","10":"shipping-taxable","11":"product-type-simple"},"_links":{"self":[{"href":"https:\/\/deccore.com.br\/loja\/wp-json\/wp\/v2\/product\/10426","targetHints":{"allow":["GET"]}}],"collection":[{"href":"https:\/\/deccore.com.br\/loja\/wp-json\/wp\/v2\/product"}],"about":[{"href":"https:\/\/deccore.com.br\/loja\/wp-json\/wp\/v2\/types\/product"}],"version-history":[{"count":4,"href":"https:\/\/deccore.com.br\/loja\/wp-json\/wp\/v2\/product\/10426\/revisions"}],"predecessor-version":[{"id":14921,"href":"https:\/\/deccore.com.br\/loja\/wp-json\/wp\/v2\/product\/10426\/revisions\/14921"}],"wp:featuredmedia":[{"embeddable":true,"href":"https:\/\/deccore.com.br\/loja\/wp-json\/wp\/v2\/media\/10429"}],"wp:attachment":[{"href":"https:\/\/deccore.com.br\/loja\/wp-json\/wp\/v2\/media?parent=10426"}],"wp:term":[{"taxonomy":"product_brand","embeddable":true,"href":"https:\/\/deccore.com.br\/loja\/wp-json\/wp\/v2\/product_brand?post=10426"},{"taxonomy":"product_cat","embeddable":true,"href":"https:\/\/deccore.com.br\/loja\/wp-json\/wp\/v2\/product_cat?post=10426"},{"taxonomy":"product_tag","embeddable":true,"href":"https:\/\/deccore.com.br\/loja\/wp-json\/wp\/v2\/product_tag?post=10426"}],"curies":[{"name":"wp","href":"https:\/\/api.w.org\/{rel}","templated":true}]}}