{"id":10484,"date":"2022-10-13T16:02:59","date_gmt":"2022-10-13T16:02:59","guid":{"rendered":"https:\/\/deccore.com.br\/loja\/?post_type=product&#038;p=10484"},"modified":"2024-10-22T19:05:52","modified_gmt":"2024-10-22T19:05:52","slug":"cadeira-medalhao-encomenda-cslchi","status":"publish","type":"product","link":"https:\/\/deccore.com.br\/loja\/product\/cadeira-medalhao-encomenda-cslchi\/","title":{"rendered":"CADEIRA MEDALH\u00c3O &#8211; ENCOMENDA &#8211; CSLCHI"},"content":{"rendered":"","protected":false},"excerpt":{"rendered":"<p>OP\u00c7\u00d5ES DE ACABAMENTOS E REVESTIMENTOS.<\/p>\n","protected":false},"featured_media":10485,"template":"","meta":[],"product_brand":[],"product_cat":[101,62],"product_tag":[],"class_list":{"0":"post-10484","1":"product","2":"type-product","3":"status-publish","4":"has-post-thumbnail","6":"product_cat-cadeira","7":"product_cat-cadeiras","9":"first","10":"onbackorder","11":"shipping-taxable","12":"product-type-simple"},"_links":{"self":[{"href":"https:\/\/deccore.com.br\/loja\/wp-json\/wp\/v2\/product\/10484","targetHints":{"allow":["GET"]}}],"collection":[{"href":"https:\/\/deccore.com.br\/loja\/wp-json\/wp\/v2\/product"}],"about":[{"href":"https:\/\/deccore.com.br\/loja\/wp-json\/wp\/v2\/types\/product"}],"version-history":[{"count":1,"href":"https:\/\/deccore.com.br\/loja\/wp-json\/wp\/v2\/product\/10484\/revisions"}],"predecessor-version":[{"id":10486,"href":"https:\/\/deccore.com.br\/loja\/wp-json\/wp\/v2\/product\/10484\/revisions\/10486"}],"wp:featuredmedia":[{"embeddable":true,"href":"https:\/\/deccore.com.br\/loja\/wp-json\/wp\/v2\/media\/10485"}],"wp:attachment":[{"href":"https:\/\/deccore.com.br\/loja\/wp-json\/wp\/v2\/media?parent=10484"}],"wp:term":[{"taxonomy":"product_brand","embeddable":true,"href":"https:\/\/deccore.com.br\/loja\/wp-json\/wp\/v2\/product_brand?post=10484"},{"taxonomy":"product_cat","embeddable":true,"href":"https:\/\/deccore.com.br\/loja\/wp-json\/wp\/v2\/product_cat?post=10484"},{"taxonomy":"product_tag","embeddable":true,"href":"https:\/\/deccore.com.br\/loja\/wp-json\/wp\/v2\/product_tag?post=10484"}],"curies":[{"name":"wp","href":"https:\/\/api.w.org\/{rel}","templated":true}]}}