{"id":10659,"date":"2022-10-28T16:08:25","date_gmt":"2022-10-28T16:08:25","guid":{"rendered":"https:\/\/deccore.com.br\/loja\/?post_type=product&#038;p=10659"},"modified":"2024-10-09T14:45:24","modified_gmt":"2024-10-09T14:45:24","slug":"sofa-alonso-encomenda-els","status":"publish","type":"product","link":"https:\/\/deccore.com.br\/loja\/product\/sofa-alonso-encomenda-els\/","title":{"rendered":"SOF\u00c1 ALONSO &#8211; SOB. ENCOMENDA &#8211; ELS"},"content":{"rendered":"","protected":false},"excerpt":{"rendered":"<p>OP\u00c7\u00d5ES DE REVESTIMENTOS.<\/p>\n<p>Medidas: 2,50 x 0,90 x 0,98 m.<br \/>\nAssento: Fixo, com camada<br \/>\nde hiper soft.<br \/>\nEspuma: D-26 Soft.<br \/>\nBra\u00e7os: 0,21 m.<\/p>\n","protected":false},"featured_media":10660,"template":"","meta":[],"product_brand":[],"product_cat":[83],"product_tag":[],"class_list":{"0":"post-10659","1":"product","2":"type-product","3":"status-publish","4":"has-post-thumbnail","6":"product_cat-chaise","8":"first","9":"onbackorder","10":"shipping-taxable","11":"product-type-simple"},"_links":{"self":[{"href":"https:\/\/deccore.com.br\/loja\/wp-json\/wp\/v2\/product\/10659","targetHints":{"allow":["GET"]}}],"collection":[{"href":"https:\/\/deccore.com.br\/loja\/wp-json\/wp\/v2\/product"}],"about":[{"href":"https:\/\/deccore.com.br\/loja\/wp-json\/wp\/v2\/types\/product"}],"version-history":[{"count":2,"href":"https:\/\/deccore.com.br\/loja\/wp-json\/wp\/v2\/product\/10659\/revisions"}],"predecessor-version":[{"id":15547,"href":"https:\/\/deccore.com.br\/loja\/wp-json\/wp\/v2\/product\/10659\/revisions\/15547"}],"wp:featuredmedia":[{"embeddable":true,"href":"https:\/\/deccore.com.br\/loja\/wp-json\/wp\/v2\/media\/10660"}],"wp:attachment":[{"href":"https:\/\/deccore.com.br\/loja\/wp-json\/wp\/v2\/media?parent=10659"}],"wp:term":[{"taxonomy":"product_brand","embeddable":true,"href":"https:\/\/deccore.com.br\/loja\/wp-json\/wp\/v2\/product_brand?post=10659"},{"taxonomy":"product_cat","embeddable":true,"href":"https:\/\/deccore.com.br\/loja\/wp-json\/wp\/v2\/product_cat?post=10659"},{"taxonomy":"product_tag","embeddable":true,"href":"https:\/\/deccore.com.br\/loja\/wp-json\/wp\/v2\/product_tag?post=10659"}],"curies":[{"name":"wp","href":"https:\/\/api.w.org\/{rel}","templated":true}]}}