{"id":10754,"date":"2022-11-17T18:48:13","date_gmt":"2022-11-17T18:48:13","guid":{"rendered":"https:\/\/deccore.com.br\/loja\/?post_type=product&#038;p=10754"},"modified":"2024-11-08T15:41:58","modified_gmt":"2024-11-08T15:41:58","slug":"poltrona-lure-encomenda-acki","status":"publish","type":"product","link":"https:\/\/deccore.com.br\/loja\/product\/poltrona-lure-encomenda-acki\/","title":{"rendered":"POLTRONA LURE 21314 &#8211; PRONTA ENTREGA &#8211; ACKI &#8211; 02 UNIDADES COM 60% DE DESCONTO. PRE\u00c7O POR PE\u00c7A."},"content":{"rendered":"","protected":false},"excerpt":{"rendered":"<p>02 UNIDADES \u00c0 PRONTA ENTREGA.<\/p>\n<p>DESCONTO ESPECIAL PARA PAGAMENTO \u00c0 VISTA &#8211; VALOR UNIT\u00c1RIO.<\/p>\n","protected":false},"featured_media":10755,"template":"","meta":[],"product_brand":[],"product_cat":[15,166,59,64],"product_tag":[],"class_list":{"0":"post-10754","1":"product","2":"type-product","3":"status-publish","4":"has-post-thumbnail","6":"product_cat-uncategorized","7":"product_cat-dia-das-maes","8":"product_cat-outlet","9":"product_cat-poltronas","11":"first","12":"instock","13":"shipping-taxable","14":"product-type-simple"},"_links":{"self":[{"href":"https:\/\/deccore.com.br\/loja\/wp-json\/wp\/v2\/product\/10754","targetHints":{"allow":["GET"]}}],"collection":[{"href":"https:\/\/deccore.com.br\/loja\/wp-json\/wp\/v2\/product"}],"about":[{"href":"https:\/\/deccore.com.br\/loja\/wp-json\/wp\/v2\/types\/product"}],"version-history":[{"count":8,"href":"https:\/\/deccore.com.br\/loja\/wp-json\/wp\/v2\/product\/10754\/revisions"}],"predecessor-version":[{"id":15728,"href":"https:\/\/deccore.com.br\/loja\/wp-json\/wp\/v2\/product\/10754\/revisions\/15728"}],"wp:featuredmedia":[{"embeddable":true,"href":"https:\/\/deccore.com.br\/loja\/wp-json\/wp\/v2\/media\/10755"}],"wp:attachment":[{"href":"https:\/\/deccore.com.br\/loja\/wp-json\/wp\/v2\/media?parent=10754"}],"wp:term":[{"taxonomy":"product_brand","embeddable":true,"href":"https:\/\/deccore.com.br\/loja\/wp-json\/wp\/v2\/product_brand?post=10754"},{"taxonomy":"product_cat","embeddable":true,"href":"https:\/\/deccore.com.br\/loja\/wp-json\/wp\/v2\/product_cat?post=10754"},{"taxonomy":"product_tag","embeddable":true,"href":"https:\/\/deccore.com.br\/loja\/wp-json\/wp\/v2\/product_tag?post=10754"}],"curies":[{"name":"wp","href":"https:\/\/api.w.org\/{rel}","templated":true}]}}