{"id":10793,"date":"2022-12-10T15:05:20","date_gmt":"2022-12-10T15:05:20","guid":{"rendered":"https:\/\/deccore.com.br\/loja\/?post_type=product&#038;p=10793"},"modified":"2024-10-09T14:43:35","modified_gmt":"2024-10-09T14:43:35","slug":"estofado-teruel-100-couro-natural-03-cores-para-entrega-em-janeiro-de-2-023","status":"publish","type":"product","link":"https:\/\/deccore.com.br\/loja\/product\/estofado-teruel-100-couro-natural-03-cores-para-entrega-em-janeiro-de-2-023\/","title":{"rendered":"ESTOFADO TERUEL 100% COURO NATURAL &#8211; SOB.  ENCOMENDA"},"content":{"rendered":"","protected":false},"excerpt":{"rendered":"<p>Sof\u00e1 Teruel Versatile:<br \/>\nCouro 100% leg\u00edtimo;<br \/>\nEstrutura:\u00a0Em madeira de reflorestamento Eucalipto, Chapa de MDP de 15mm;<br \/>\nCaixa do assento:\u00a0Em madeira de reflorestamento Eucalipto, Chapa de MDP de 15mm e Molas;<br \/>\nCaixa do encosto:\u00a0Em madeira de reflorestamento Eucalipto, Chapa de MDP de 15mm;<br \/>\nBra\u00e7os:\u00a0Em madeira de reflorestamento Eucalipto, Chapa de MDP de 15mm;<br \/>\nAlmofadas do assento:Almofadas fixas, espuma D30 soft e manta fibra siliconizada;<br \/>\nAlmofadas do encosto:\u00a0Almofadas soltas, fibra siliconizada;<br \/>\nSoftpring:\u00a0Exclusivo sistema americano de aplica\u00e7\u00e3o de molas e dissipadores de energia, que garantem maior conforto e durabilidade.<br \/>\nConfortplus:\u00a0O que h\u00e1 de mais moderno em termos de produ\u00e7\u00e3o de espuma. Um composto de espumas especiais HCR, cujas c\u00e9lulas el\u00e1sticas e totalmente fechadas complementam a melhor dissipa\u00e7\u00e3o de energia do mercado de estofados, conferindo um conforto inigual\u00e1vel ao sentar. O aumento da vida \u00fatil do estofado tamb\u00e9m \u00e9 um grande destaque desta inova\u00e7\u00e3o.<\/p>\n<p>&#8211; Consulte op\u00e7\u00e3o com entrada USB.<\/p>\n","protected":false},"featured_media":10795,"template":"","meta":[],"product_brand":[],"product_cat":[85,65],"product_tag":[],"class_list":{"0":"post-10793","1":"product","2":"type-product","3":"status-publish","4":"has-post-thumbnail","6":"product_cat-estofados","7":"product_cat-sofas-2","9":"first","10":"onbackorder","11":"shipping-taxable","12":"product-type-simple"},"_links":{"self":[{"href":"https:\/\/deccore.com.br\/loja\/wp-json\/wp\/v2\/product\/10793","targetHints":{"allow":["GET"]}}],"collection":[{"href":"https:\/\/deccore.com.br\/loja\/wp-json\/wp\/v2\/product"}],"about":[{"href":"https:\/\/deccore.com.br\/loja\/wp-json\/wp\/v2\/types\/product"}],"version-history":[{"count":6,"href":"https:\/\/deccore.com.br\/loja\/wp-json\/wp\/v2\/product\/10793\/revisions"}],"predecessor-version":[{"id":15544,"href":"https:\/\/deccore.com.br\/loja\/wp-json\/wp\/v2\/product\/10793\/revisions\/15544"}],"wp:featuredmedia":[{"embeddable":true,"href":"https:\/\/deccore.com.br\/loja\/wp-json\/wp\/v2\/media\/10795"}],"wp:attachment":[{"href":"https:\/\/deccore.com.br\/loja\/wp-json\/wp\/v2\/media?parent=10793"}],"wp:term":[{"taxonomy":"product_brand","embeddable":true,"href":"https:\/\/deccore.com.br\/loja\/wp-json\/wp\/v2\/product_brand?post=10793"},{"taxonomy":"product_cat","embeddable":true,"href":"https:\/\/deccore.com.br\/loja\/wp-json\/wp\/v2\/product_cat?post=10793"},{"taxonomy":"product_tag","embeddable":true,"href":"https:\/\/deccore.com.br\/loja\/wp-json\/wp\/v2\/product_tag?post=10793"}],"curies":[{"name":"wp","href":"https:\/\/api.w.org\/{rel}","templated":true}]}}