{"id":10807,"date":"2022-12-20T13:59:33","date_gmt":"2022-12-20T13:59:33","guid":{"rendered":"https:\/\/deccore.com.br\/loja\/?post_type=product&#038;p=10807"},"modified":"2022-12-20T14:03:01","modified_gmt":"2022-12-20T14:03:01","slug":"mesa-de-apoio-athena-encomenda","status":"publish","type":"product","link":"https:\/\/deccore.com.br\/loja\/product\/mesa-de-apoio-athena-encomenda\/","title":{"rendered":"MESA DE APOIO ATHENA &#8211; ENCOMENDA"},"content":{"rendered":"<p>Tampo, base e cachep\u00f4 em l\u00e2mina cinamomo com tingimento \u00e2mbar.<\/p>\n<p>Curva em laca caramelo brilho.<\/p>\n<p>ML0411 \u2013 45X60<\/p>\n","protected":false},"excerpt":{"rendered":"<p>Possui uma boa funcionalidade gerada atrav\u00e9s de seu cachep\u00f4 multifuncional na base. Suas curvas arredondadas expressam movimento e continuidade. Apesar de ser usual e funcional, mant\u00e9m seu requinte percept\u00edvel nas cores e detalhes.<\/p>\n","protected":false},"featured_media":10808,"template":"","meta":[],"product_brand":[],"product_cat":[71,95],"product_tag":[],"class_list":{"0":"post-10807","1":"product","2":"type-product","3":"status-publish","4":"has-post-thumbnail","6":"product_cat-mesa-de-apoio","7":"product_cat-mesa-lateral","9":"first","10":"instock","11":"shipping-taxable","12":"product-type-simple"},"_links":{"self":[{"href":"https:\/\/deccore.com.br\/loja\/wp-json\/wp\/v2\/product\/10807","targetHints":{"allow":["GET"]}}],"collection":[{"href":"https:\/\/deccore.com.br\/loja\/wp-json\/wp\/v2\/product"}],"about":[{"href":"https:\/\/deccore.com.br\/loja\/wp-json\/wp\/v2\/types\/product"}],"version-history":[{"count":3,"href":"https:\/\/deccore.com.br\/loja\/wp-json\/wp\/v2\/product\/10807\/revisions"}],"predecessor-version":[{"id":10811,"href":"https:\/\/deccore.com.br\/loja\/wp-json\/wp\/v2\/product\/10807\/revisions\/10811"}],"wp:featuredmedia":[{"embeddable":true,"href":"https:\/\/deccore.com.br\/loja\/wp-json\/wp\/v2\/media\/10808"}],"wp:attachment":[{"href":"https:\/\/deccore.com.br\/loja\/wp-json\/wp\/v2\/media?parent=10807"}],"wp:term":[{"taxonomy":"product_brand","embeddable":true,"href":"https:\/\/deccore.com.br\/loja\/wp-json\/wp\/v2\/product_brand?post=10807"},{"taxonomy":"product_cat","embeddable":true,"href":"https:\/\/deccore.com.br\/loja\/wp-json\/wp\/v2\/product_cat?post=10807"},{"taxonomy":"product_tag","embeddable":true,"href":"https:\/\/deccore.com.br\/loja\/wp-json\/wp\/v2\/product_tag?post=10807"}],"curies":[{"name":"wp","href":"https:\/\/api.w.org\/{rel}","templated":true}]}}