{"id":10817,"date":"2022-12-20T15:43:18","date_gmt":"2022-12-20T15:43:18","guid":{"rendered":"https:\/\/deccore.com.br\/loja\/?post_type=product&#038;p=10817"},"modified":"2022-12-20T15:43:18","modified_gmt":"2022-12-20T15:43:18","slug":"aparador-yoko-encomenda","status":"publish","type":"product","link":"https:\/\/deccore.com.br\/loja\/product\/aparador-yoko-encomenda\/","title":{"rendered":"APARADOR YOKO &#8211; ENCOMENDA"},"content":{"rendered":"<p>Tampo e base em nogueira natural.<\/p>\n<p>AP5030 \u2013 L 140 x P 40 x A 76cm<br \/>\nAP5031 \u2013 L 160 x P 40 x A 76cm<br \/>\nAP5032 \u2013 L 180 x P 40 x A 76cm<\/p>\n","protected":false},"excerpt":{"rendered":"<p>Este m\u00f3vel possui fortes inspira\u00e7\u00f5es na cultura oriental por ser um estilo que encontra beleza no minimalismo e na leveza. \u00c9 composta de forma equilibrada e sem perder a eleg\u00e2ncia. Suas curvas s\u00e3o essenciais para a composi\u00e7\u00e3o final do aparador.<\/p>\n","protected":false},"featured_media":10818,"template":"","meta":[],"product_brand":[],"product_cat":[68],"product_tag":[],"class_list":{"0":"post-10817","1":"product","2":"type-product","3":"status-publish","4":"has-post-thumbnail","6":"product_cat-aparador","8":"first","9":"instock","10":"shipping-taxable","11":"product-type-simple"},"_links":{"self":[{"href":"https:\/\/deccore.com.br\/loja\/wp-json\/wp\/v2\/product\/10817","targetHints":{"allow":["GET"]}}],"collection":[{"href":"https:\/\/deccore.com.br\/loja\/wp-json\/wp\/v2\/product"}],"about":[{"href":"https:\/\/deccore.com.br\/loja\/wp-json\/wp\/v2\/types\/product"}],"version-history":[{"count":1,"href":"https:\/\/deccore.com.br\/loja\/wp-json\/wp\/v2\/product\/10817\/revisions"}],"predecessor-version":[{"id":10820,"href":"https:\/\/deccore.com.br\/loja\/wp-json\/wp\/v2\/product\/10817\/revisions\/10820"}],"wp:featuredmedia":[{"embeddable":true,"href":"https:\/\/deccore.com.br\/loja\/wp-json\/wp\/v2\/media\/10818"}],"wp:attachment":[{"href":"https:\/\/deccore.com.br\/loja\/wp-json\/wp\/v2\/media?parent=10817"}],"wp:term":[{"taxonomy":"product_brand","embeddable":true,"href":"https:\/\/deccore.com.br\/loja\/wp-json\/wp\/v2\/product_brand?post=10817"},{"taxonomy":"product_cat","embeddable":true,"href":"https:\/\/deccore.com.br\/loja\/wp-json\/wp\/v2\/product_cat?post=10817"},{"taxonomy":"product_tag","embeddable":true,"href":"https:\/\/deccore.com.br\/loja\/wp-json\/wp\/v2\/product_tag?post=10817"}],"curies":[{"name":"wp","href":"https:\/\/api.w.org\/{rel}","templated":true}]}}