{"id":10821,"date":"2022-12-20T15:48:06","date_gmt":"2022-12-20T15:48:06","guid":{"rendered":"https:\/\/deccore.com.br\/loja\/?post_type=product&#038;p=10821"},"modified":"2022-12-20T15:48:25","modified_gmt":"2022-12-20T15:48:25","slug":"mesa-lateral-detroit-encomenda","status":"publish","type":"product","link":"https:\/\/deccore.com.br\/loja\/product\/mesa-lateral-detroit-encomenda\/","title":{"rendered":"MESA LATERAL DETROIT &#8211; ENCOMENDA &#8211; LAZZ"},"content":{"rendered":"<p>Tampo em l\u00e2mina cinamomo com tingimento \u00e2mbar.<\/p>\n<p>Base em tingimento \u00e2mbar.<\/p>\n<p>ML0890 \u2013 \u00d860cm x A 60cm<\/p>\n","protected":false},"excerpt":{"rendered":"<p>Este modelo faz a uni\u00e3o perfeita de seus detalhes unificando seus contornos. Remete ao sentimento de for\u00e7a, resist\u00eancia e durabilidade. Suas caracter\u00edsticas presentes s\u00e3o visualmente percept\u00edveis provando ser bastante vers\u00e1til para composi\u00e7\u00e3o de ambientes.<\/p>\n","protected":false},"featured_media":10822,"template":"","meta":[],"product_brand":[],"product_cat":[71,95],"product_tag":[],"class_list":{"0":"post-10821","1":"product","2":"type-product","3":"status-publish","4":"has-post-thumbnail","6":"product_cat-mesa-de-apoio","7":"product_cat-mesa-lateral","9":"first","10":"instock","11":"shipping-taxable","12":"product-type-simple"},"_links":{"self":[{"href":"https:\/\/deccore.com.br\/loja\/wp-json\/wp\/v2\/product\/10821","targetHints":{"allow":["GET"]}}],"collection":[{"href":"https:\/\/deccore.com.br\/loja\/wp-json\/wp\/v2\/product"}],"about":[{"href":"https:\/\/deccore.com.br\/loja\/wp-json\/wp\/v2\/types\/product"}],"version-history":[{"count":3,"href":"https:\/\/deccore.com.br\/loja\/wp-json\/wp\/v2\/product\/10821\/revisions"}],"predecessor-version":[{"id":10831,"href":"https:\/\/deccore.com.br\/loja\/wp-json\/wp\/v2\/product\/10821\/revisions\/10831"}],"wp:featuredmedia":[{"embeddable":true,"href":"https:\/\/deccore.com.br\/loja\/wp-json\/wp\/v2\/media\/10822"}],"wp:attachment":[{"href":"https:\/\/deccore.com.br\/loja\/wp-json\/wp\/v2\/media?parent=10821"}],"wp:term":[{"taxonomy":"product_brand","embeddable":true,"href":"https:\/\/deccore.com.br\/loja\/wp-json\/wp\/v2\/product_brand?post=10821"},{"taxonomy":"product_cat","embeddable":true,"href":"https:\/\/deccore.com.br\/loja\/wp-json\/wp\/v2\/product_cat?post=10821"},{"taxonomy":"product_tag","embeddable":true,"href":"https:\/\/deccore.com.br\/loja\/wp-json\/wp\/v2\/product_tag?post=10821"}],"curies":[{"name":"wp","href":"https:\/\/api.w.org\/{rel}","templated":true}]}}