{"id":10825,"date":"2022-12-20T15:50:59","date_gmt":"2022-12-20T15:50:59","guid":{"rendered":"https:\/\/deccore.com.br\/loja\/?post_type=product&#038;p=10825"},"modified":"2022-12-20T15:50:59","modified_gmt":"2022-12-20T15:50:59","slug":"mesa-jantar-yoko-encomenda-lazz","status":"publish","type":"product","link":"https:\/\/deccore.com.br\/loja\/product\/mesa-jantar-yoko-encomenda-lazz\/","title":{"rendered":"MESA JANTAR YOKO &#8211; ENCOMENDA &#8211; LAZZ"},"content":{"rendered":"<p>Tampo em laca cetim brilho.<\/p>\n<p>Base em l\u00e2mina cinamomo com tingimento \u00e2mbar.<\/p>\n<p>MJ2090 \u2013 L 220 x P 110 x A 76cm<br \/>\nMJ2091 \u2013 L 240 x P 120 x A 76cm<br \/>\nMJ2092 \u2013 L 270 x P 120 x A 76cm<br \/>\nMJ2093 \u2013 L 300 x P 120 x A 76cm<\/p>\n","protected":false},"excerpt":{"rendered":"<p>Desenhada e pensada com base em um estilo moderno. Possui um design inovador e diferenciado que atrela muita originalidade e agrada pessoas que buscam por m\u00f3veis exclusivos. Al\u00e9m disso, seus materiais carregam muita eleg\u00e2ncia e requinte.<\/p>\n","protected":false},"featured_media":10826,"template":"","meta":[],"product_brand":[],"product_cat":[69],"product_tag":[],"class_list":{"0":"post-10825","1":"product","2":"type-product","3":"status-publish","4":"has-post-thumbnail","6":"product_cat-mesa-jantar","8":"first","9":"instock","10":"shipping-taxable","11":"product-type-simple"},"_links":{"self":[{"href":"https:\/\/deccore.com.br\/loja\/wp-json\/wp\/v2\/product\/10825","targetHints":{"allow":["GET"]}}],"collection":[{"href":"https:\/\/deccore.com.br\/loja\/wp-json\/wp\/v2\/product"}],"about":[{"href":"https:\/\/deccore.com.br\/loja\/wp-json\/wp\/v2\/types\/product"}],"version-history":[{"count":1,"href":"https:\/\/deccore.com.br\/loja\/wp-json\/wp\/v2\/product\/10825\/revisions"}],"predecessor-version":[{"id":10827,"href":"https:\/\/deccore.com.br\/loja\/wp-json\/wp\/v2\/product\/10825\/revisions\/10827"}],"wp:featuredmedia":[{"embeddable":true,"href":"https:\/\/deccore.com.br\/loja\/wp-json\/wp\/v2\/media\/10826"}],"wp:attachment":[{"href":"https:\/\/deccore.com.br\/loja\/wp-json\/wp\/v2\/media?parent=10825"}],"wp:term":[{"taxonomy":"product_brand","embeddable":true,"href":"https:\/\/deccore.com.br\/loja\/wp-json\/wp\/v2\/product_brand?post=10825"},{"taxonomy":"product_cat","embeddable":true,"href":"https:\/\/deccore.com.br\/loja\/wp-json\/wp\/v2\/product_cat?post=10825"},{"taxonomy":"product_tag","embeddable":true,"href":"https:\/\/deccore.com.br\/loja\/wp-json\/wp\/v2\/product_tag?post=10825"}],"curies":[{"name":"wp","href":"https:\/\/api.w.org\/{rel}","templated":true}]}}