{"id":10832,"date":"2022-12-20T16:06:10","date_gmt":"2022-12-20T16:06:10","guid":{"rendered":"https:\/\/deccore.com.br\/loja\/?post_type=product&#038;p=10832"},"modified":"2022-12-20T16:06:10","modified_gmt":"2022-12-20T16:06:10","slug":"espelhos-lisboa-lazz-encomenda","status":"publish","type":"product","link":"https:\/\/deccore.com.br\/loja\/product\/espelhos-lisboa-lazz-encomenda\/","title":{"rendered":"ESPELHOS LISBOA &#8211; LAZZ &#8211; ENCOMENDA"},"content":{"rendered":"<p>Estrutura completa em tingimento \u00e2mbar.<\/p>\n<p>ES0100 \u2013 \u00d880 x 4 cm (redondo)<br \/>\nES0101 \u2013 L 80 x P 80 x 4 cm (quadrado)<br \/>\nES0102 \u2013 L 60 x P 60 x 4 cm (triangular)<br \/>\nES0103 \u2013 L 60 x P 40 x 4 cm (quadrado)<\/p>\n","protected":false},"excerpt":{"rendered":"<p>Formatos geom\u00e9tricos que comp\u00f5em ambientes como objeto decorativo. Podem ser usados em conjunto ou separados possuindo acabamentos arredondados facilitando a utiliza\u00e7\u00e3o em qualquer c\u00f4modo.<\/p>\n","protected":false},"featured_media":10833,"template":"","meta":[],"product_brand":[],"product_cat":[63,126],"product_tag":[],"class_list":{"0":"post-10832","1":"product","2":"type-product","3":"status-publish","4":"has-post-thumbnail","6":"product_cat-decoracoes","7":"product_cat-espelho","9":"first","10":"instock","11":"shipping-taxable","12":"product-type-simple"},"_links":{"self":[{"href":"https:\/\/deccore.com.br\/loja\/wp-json\/wp\/v2\/product\/10832","targetHints":{"allow":["GET"]}}],"collection":[{"href":"https:\/\/deccore.com.br\/loja\/wp-json\/wp\/v2\/product"}],"about":[{"href":"https:\/\/deccore.com.br\/loja\/wp-json\/wp\/v2\/types\/product"}],"version-history":[{"count":1,"href":"https:\/\/deccore.com.br\/loja\/wp-json\/wp\/v2\/product\/10832\/revisions"}],"predecessor-version":[{"id":10834,"href":"https:\/\/deccore.com.br\/loja\/wp-json\/wp\/v2\/product\/10832\/revisions\/10834"}],"wp:featuredmedia":[{"embeddable":true,"href":"https:\/\/deccore.com.br\/loja\/wp-json\/wp\/v2\/media\/10833"}],"wp:attachment":[{"href":"https:\/\/deccore.com.br\/loja\/wp-json\/wp\/v2\/media?parent=10832"}],"wp:term":[{"taxonomy":"product_brand","embeddable":true,"href":"https:\/\/deccore.com.br\/loja\/wp-json\/wp\/v2\/product_brand?post=10832"},{"taxonomy":"product_cat","embeddable":true,"href":"https:\/\/deccore.com.br\/loja\/wp-json\/wp\/v2\/product_cat?post=10832"},{"taxonomy":"product_tag","embeddable":true,"href":"https:\/\/deccore.com.br\/loja\/wp-json\/wp\/v2\/product_tag?post=10832"}],"curies":[{"name":"wp","href":"https:\/\/api.w.org\/{rel}","templated":true}]}}