{"id":10875,"date":"2023-01-11T16:07:30","date_gmt":"2023-01-11T16:07:30","guid":{"rendered":"https:\/\/deccore.com.br\/loja\/?post_type=product&#038;p=10875"},"modified":"2023-01-11T16:09:17","modified_gmt":"2023-01-11T16:09:17","slug":"mesa-jantar-brendon-gtt-encomenda","status":"publish","type":"product","link":"https:\/\/deccore.com.br\/loja\/product\/mesa-jantar-brendon-gtt-encomenda\/","title":{"rendered":"MESA JANTAR BRENDON &#8211; GTT &#8211; ENCOMENDA."},"content":{"rendered":"<p>V\u00c1RIAS OP\u00c7\u00d5ES DE MEDIDAS E ACABAMENTOS.<\/p>\n","protected":false},"excerpt":{"rendered":"<p>Tamanhos dispon\u00edveis (LxPxA)<\/p>\n<p>160 x 90 x 78<br \/>\n180 x 100 x 78<br \/>\n200 x 110 x 78<br \/>\n220 x 110 x 78<br \/>\n240 x 110 x 78<br \/>\n260 x 115 x 78<br \/>\n280 x 120 x 78<br \/>\n300 x 120 x 78<\/p>\n","protected":false},"featured_media":10877,"template":"","meta":[],"product_brand":[],"product_cat":[15,106,69],"product_tag":[],"class_list":{"0":"post-10875","1":"product","2":"type-product","3":"status-publish","4":"has-post-thumbnail","6":"product_cat-uncategorized","7":"product_cat-mesa","8":"product_cat-mesa-jantar","10":"first","11":"instock","12":"shipping-taxable","13":"product-type-simple"},"_links":{"self":[{"href":"https:\/\/deccore.com.br\/loja\/wp-json\/wp\/v2\/product\/10875","targetHints":{"allow":["GET"]}}],"collection":[{"href":"https:\/\/deccore.com.br\/loja\/wp-json\/wp\/v2\/product"}],"about":[{"href":"https:\/\/deccore.com.br\/loja\/wp-json\/wp\/v2\/types\/product"}],"version-history":[{"count":2,"href":"https:\/\/deccore.com.br\/loja\/wp-json\/wp\/v2\/product\/10875\/revisions"}],"predecessor-version":[{"id":10880,"href":"https:\/\/deccore.com.br\/loja\/wp-json\/wp\/v2\/product\/10875\/revisions\/10880"}],"wp:featuredmedia":[{"embeddable":true,"href":"https:\/\/deccore.com.br\/loja\/wp-json\/wp\/v2\/media\/10877"}],"wp:attachment":[{"href":"https:\/\/deccore.com.br\/loja\/wp-json\/wp\/v2\/media?parent=10875"}],"wp:term":[{"taxonomy":"product_brand","embeddable":true,"href":"https:\/\/deccore.com.br\/loja\/wp-json\/wp\/v2\/product_brand?post=10875"},{"taxonomy":"product_cat","embeddable":true,"href":"https:\/\/deccore.com.br\/loja\/wp-json\/wp\/v2\/product_cat?post=10875"},{"taxonomy":"product_tag","embeddable":true,"href":"https:\/\/deccore.com.br\/loja\/wp-json\/wp\/v2\/product_tag?post=10875"}],"curies":[{"name":"wp","href":"https:\/\/api.w.org\/{rel}","templated":true}]}}