{"id":11134,"date":"2023-01-30T19:05:36","date_gmt":"2023-01-30T19:05:36","guid":{"rendered":"https:\/\/deccore.com.br\/loja\/?post_type=product&#038;p=11134"},"modified":"2023-01-30T19:05:36","modified_gmt":"2023-01-30T19:05:36","slug":"edu-bortolai-designer","status":"publish","type":"product","link":"https:\/\/deccore.com.br\/loja\/product\/edu-bortolai-designer\/","title":{"rendered":"EDU BORTOLAI &#8211; DESIGNER"},"content":{"rendered":"","protected":false},"excerpt":{"rendered":"<p>Edu se apaixonou por madeiras brasileiras e produ\u00e7\u00e3o moveleira na FBA-SP. Especializou-se em design de m\u00f3veis e iniciou sua carreira na Tok&amp;Stok. Em 2011, lan\u00e7ou-se em voo solo, conquistando importantes pr\u00eamios e participa\u00e7\u00f5es nacionais e internacionais. Hoje, s\u00e3o tr\u00eas marcas sob sua dire\u00e7\u00e3o criativa e Edu Bortolai \u00e9 a sua marca autoral. Seu tra\u00e7o contempor\u00e2neo mostra que a nossa cultura criada por tantas, pode gerar um desenho \u00fanico.<\/p>\n","protected":false},"featured_media":11135,"template":"","meta":[],"product_brand":[],"product_cat":[15],"product_tag":[],"class_list":{"0":"post-11134","1":"product","2":"type-product","3":"status-publish","4":"has-post-thumbnail","6":"product_cat-uncategorized","8":"first","9":"instock","10":"shipping-taxable","11":"product-type-simple"},"_links":{"self":[{"href":"https:\/\/deccore.com.br\/loja\/wp-json\/wp\/v2\/product\/11134","targetHints":{"allow":["GET"]}}],"collection":[{"href":"https:\/\/deccore.com.br\/loja\/wp-json\/wp\/v2\/product"}],"about":[{"href":"https:\/\/deccore.com.br\/loja\/wp-json\/wp\/v2\/types\/product"}],"version-history":[{"count":1,"href":"https:\/\/deccore.com.br\/loja\/wp-json\/wp\/v2\/product\/11134\/revisions"}],"predecessor-version":[{"id":11136,"href":"https:\/\/deccore.com.br\/loja\/wp-json\/wp\/v2\/product\/11134\/revisions\/11136"}],"wp:featuredmedia":[{"embeddable":true,"href":"https:\/\/deccore.com.br\/loja\/wp-json\/wp\/v2\/media\/11135"}],"wp:attachment":[{"href":"https:\/\/deccore.com.br\/loja\/wp-json\/wp\/v2\/media?parent=11134"}],"wp:term":[{"taxonomy":"product_brand","embeddable":true,"href":"https:\/\/deccore.com.br\/loja\/wp-json\/wp\/v2\/product_brand?post=11134"},{"taxonomy":"product_cat","embeddable":true,"href":"https:\/\/deccore.com.br\/loja\/wp-json\/wp\/v2\/product_cat?post=11134"},{"taxonomy":"product_tag","embeddable":true,"href":"https:\/\/deccore.com.br\/loja\/wp-json\/wp\/v2\/product_tag?post=11134"}],"curies":[{"name":"wp","href":"https:\/\/api.w.org\/{rel}","templated":true}]}}