{"id":11143,"date":"2023-02-02T14:16:58","date_gmt":"2023-02-02T14:16:58","guid":{"rendered":"https:\/\/deccore.com.br\/loja\/?post_type=product&#038;p=11143"},"modified":"2023-02-02T14:18:32","modified_gmt":"2023-02-02T14:18:32","slug":"leonardo-bueno-designer","status":"publish","type":"product","link":"https:\/\/deccore.com.br\/loja\/product\/leonardo-bueno-designer\/","title":{"rendered":"LEONARDO BUENO &#8211; DESIGNER"},"content":{"rendered":"","protected":false},"excerpt":{"rendered":"<p>Criador multifacetado, natural da pequena cidade de Maria da F\u00e9, no sul do estado de Minas Gerais, imprime em cada projeto sua vis\u00e3o de mundo como artista.<br \/>\nTem como filosofia de vida \u201cA Leveza do Bruto\u201d, conceito que aplicado em suas obras traduz o desafio de transformar a mat\u00e9ria prima pesada em algo leve.<br \/>\nMadeira e a\u00e7o se tornam esculturas, m\u00f3veis e objetos que al\u00e9m de estrutura f\u00edsica, carregam significado. Todas as pe\u00e7as trazem uma hist\u00f3ria de cria\u00e7\u00e3o e tendo por base esta premissa, incorporam uma identidade.<br \/>\nDar calor e vida ao material g\u00e9lido e inanimado \u00e9 o objetivo, que s\u00f3 \u00e9 totalmente alcan\u00e7ado quando a energia envolvida em todo processo atinge e toca as pessoas.<br \/>\nTarefa detalhada que tem como principal ferramenta a m\u00e3o humana. O artista est\u00e1 envolvido em todo processo criativo, da inspira\u00e7\u00e3o \u00e0 execu\u00e7\u00e3o, o que garante a real materializa\u00e7\u00e3o da ideia.<\/p>\n<p>\u201cA Arte de Viver da Arte\u201d.<\/p>\n","protected":false},"featured_media":11146,"template":"","meta":[],"product_brand":[],"product_cat":[15],"product_tag":[],"class_list":{"0":"post-11143","1":"product","2":"type-product","3":"status-publish","4":"has-post-thumbnail","6":"product_cat-uncategorized","8":"first","9":"instock","10":"shipping-taxable","11":"product-type-simple"},"_links":{"self":[{"href":"https:\/\/deccore.com.br\/loja\/wp-json\/wp\/v2\/product\/11143","targetHints":{"allow":["GET"]}}],"collection":[{"href":"https:\/\/deccore.com.br\/loja\/wp-json\/wp\/v2\/product"}],"about":[{"href":"https:\/\/deccore.com.br\/loja\/wp-json\/wp\/v2\/types\/product"}],"version-history":[{"count":2,"href":"https:\/\/deccore.com.br\/loja\/wp-json\/wp\/v2\/product\/11143\/revisions"}],"predecessor-version":[{"id":11147,"href":"https:\/\/deccore.com.br\/loja\/wp-json\/wp\/v2\/product\/11143\/revisions\/11147"}],"wp:featuredmedia":[{"embeddable":true,"href":"https:\/\/deccore.com.br\/loja\/wp-json\/wp\/v2\/media\/11146"}],"wp:attachment":[{"href":"https:\/\/deccore.com.br\/loja\/wp-json\/wp\/v2\/media?parent=11143"}],"wp:term":[{"taxonomy":"product_brand","embeddable":true,"href":"https:\/\/deccore.com.br\/loja\/wp-json\/wp\/v2\/product_brand?post=11143"},{"taxonomy":"product_cat","embeddable":true,"href":"https:\/\/deccore.com.br\/loja\/wp-json\/wp\/v2\/product_cat?post=11143"},{"taxonomy":"product_tag","embeddable":true,"href":"https:\/\/deccore.com.br\/loja\/wp-json\/wp\/v2\/product_tag?post=11143"}],"curies":[{"name":"wp","href":"https:\/\/api.w.org\/{rel}","templated":true}]}}