{"id":11149,"date":"2023-02-02T17:20:30","date_gmt":"2023-02-02T17:20:30","guid":{"rendered":"https:\/\/deccore.com.br\/loja\/?post_type=product&#038;p=11149"},"modified":"2023-08-25T17:59:24","modified_gmt":"2023-08-25T17:59:24","slug":"escultura-asas-de-davi-leonardo-bueno-designer","status":"publish","type":"product","link":"https:\/\/deccore.com.br\/loja\/product\/escultura-asas-de-davi-leonardo-bueno-designer\/","title":{"rendered":"ESCULTURA ASAS DE DAVI &#8211; LEONARDO BUENO &#8211; DESIGNER. &#8211; ENCOMENDA"},"content":{"rendered":"","protected":false},"excerpt":{"rendered":"<p>Escultura de parede em l\u00e2mina de madeira Freij\u00f3, Nogueira ou \u00c9bano.<\/p>\n","protected":false},"featured_media":11150,"template":"","meta":[],"product_brand":[],"product_cat":[63],"product_tag":[],"class_list":{"0":"post-11149","1":"product","2":"type-product","3":"status-publish","4":"has-post-thumbnail","6":"product_cat-decoracoes","8":"first","9":"instock","10":"shipping-taxable","11":"product-type-simple"},"_links":{"self":[{"href":"https:\/\/deccore.com.br\/loja\/wp-json\/wp\/v2\/product\/11149","targetHints":{"allow":["GET"]}}],"collection":[{"href":"https:\/\/deccore.com.br\/loja\/wp-json\/wp\/v2\/product"}],"about":[{"href":"https:\/\/deccore.com.br\/loja\/wp-json\/wp\/v2\/types\/product"}],"version-history":[{"count":2,"href":"https:\/\/deccore.com.br\/loja\/wp-json\/wp\/v2\/product\/11149\/revisions"}],"predecessor-version":[{"id":11155,"href":"https:\/\/deccore.com.br\/loja\/wp-json\/wp\/v2\/product\/11149\/revisions\/11155"}],"wp:featuredmedia":[{"embeddable":true,"href":"https:\/\/deccore.com.br\/loja\/wp-json\/wp\/v2\/media\/11150"}],"wp:attachment":[{"href":"https:\/\/deccore.com.br\/loja\/wp-json\/wp\/v2\/media?parent=11149"}],"wp:term":[{"taxonomy":"product_brand","embeddable":true,"href":"https:\/\/deccore.com.br\/loja\/wp-json\/wp\/v2\/product_brand?post=11149"},{"taxonomy":"product_cat","embeddable":true,"href":"https:\/\/deccore.com.br\/loja\/wp-json\/wp\/v2\/product_cat?post=11149"},{"taxonomy":"product_tag","embeddable":true,"href":"https:\/\/deccore.com.br\/loja\/wp-json\/wp\/v2\/product_tag?post=11149"}],"curies":[{"name":"wp","href":"https:\/\/api.w.org\/{rel}","templated":true}]}}