{"id":11383,"date":"2023-03-22T14:12:07","date_gmt":"2023-03-22T14:12:07","guid":{"rendered":"https:\/\/deccore.com.br\/loja\/?post_type=product&#038;p=11383"},"modified":"2024-10-09T14:36:31","modified_gmt":"2024-10-09T14:36:31","slug":"sofa-fragmento-encomenda-feel","status":"publish","type":"product","link":"https:\/\/deccore.com.br\/loja\/product\/sofa-fragmento-encomenda-feel\/","title":{"rendered":"SOF\u00c1 FRAGMENTO &#8211; ENCOMENDA &#8211; FEEL."},"content":{"rendered":"","protected":false},"excerpt":{"rendered":"<p>As formas org\u00e2nicas est\u00e3o em alta na dec\u00f3r. Apresentamos o sof\u00e1 Fragmento desenhado por\u00a0<a class=\"x1i10hfl xjbqb8w x6umtig x1b1mbwd xaqea5y xav7gou x9f619 x1ypdohk xt0psk2 xe8uvvx xdj266r x11i5rnm xat24cr x1mh8g0r xexx8yu x4uap5 x18d9i69 xkhd6sd x16tdsg8 x1hl2dhg xggy1nq x1a2a7pz notranslate _a6hd\" tabindex=\"0\" role=\"link\" href=\"https:\/\/www.instagram.com\/mauriciobomfim_\/\">@mauriciobomfim_<\/a>\u00a0para a Feeling Estofados.<\/p>\n","protected":false},"featured_media":11384,"template":"","meta":[],"product_brand":[],"product_cat":[85,65],"product_tag":[],"class_list":{"0":"post-11383","1":"product","2":"type-product","3":"status-publish","4":"has-post-thumbnail","6":"product_cat-estofados","7":"product_cat-sofas-2","9":"first","10":"onbackorder","11":"shipping-taxable","12":"product-type-simple"},"_links":{"self":[{"href":"https:\/\/deccore.com.br\/loja\/wp-json\/wp\/v2\/product\/11383","targetHints":{"allow":["GET"]}}],"collection":[{"href":"https:\/\/deccore.com.br\/loja\/wp-json\/wp\/v2\/product"}],"about":[{"href":"https:\/\/deccore.com.br\/loja\/wp-json\/wp\/v2\/types\/product"}],"version-history":[{"count":1,"href":"https:\/\/deccore.com.br\/loja\/wp-json\/wp\/v2\/product\/11383\/revisions"}],"predecessor-version":[{"id":11385,"href":"https:\/\/deccore.com.br\/loja\/wp-json\/wp\/v2\/product\/11383\/revisions\/11385"}],"wp:featuredmedia":[{"embeddable":true,"href":"https:\/\/deccore.com.br\/loja\/wp-json\/wp\/v2\/media\/11384"}],"wp:attachment":[{"href":"https:\/\/deccore.com.br\/loja\/wp-json\/wp\/v2\/media?parent=11383"}],"wp:term":[{"taxonomy":"product_brand","embeddable":true,"href":"https:\/\/deccore.com.br\/loja\/wp-json\/wp\/v2\/product_brand?post=11383"},{"taxonomy":"product_cat","embeddable":true,"href":"https:\/\/deccore.com.br\/loja\/wp-json\/wp\/v2\/product_cat?post=11383"},{"taxonomy":"product_tag","embeddable":true,"href":"https:\/\/deccore.com.br\/loja\/wp-json\/wp\/v2\/product_tag?post=11383"}],"curies":[{"name":"wp","href":"https:\/\/api.w.org\/{rel}","templated":true}]}}