{"id":11386,"date":"2023-03-22T14:17:34","date_gmt":"2023-03-22T14:17:34","guid":{"rendered":"https:\/\/deccore.com.br\/loja\/?post_type=product&#038;p=11386"},"modified":"2024-10-22T18:27:42","modified_gmt":"2024-10-22T18:27:42","slug":"banco-amburana-encomenda-feel","status":"publish","type":"product","link":"https:\/\/deccore.com.br\/loja\/product\/banco-amburana-encomenda-feel\/","title":{"rendered":"BANCO AMBURANA &#8211; ENCOMENDA &#8211; FEEL."},"content":{"rendered":"","protected":false},"excerpt":{"rendered":"<p>O Banco Amburana inspirado na semente que d\u00e1 nome ao banco e \u00e9 utilizada como especiaria na culin\u00e1ria, a pe\u00e7a vem da fam\u00edlia da poltrona Amburana que transmite aconchego e o calor de casa, o descanso e o prazer.<\/p>\n","protected":false},"featured_media":11387,"template":"","meta":[],"product_brand":[],"product_cat":[74],"product_tag":[],"class_list":{"0":"post-11386","1":"product","2":"type-product","3":"status-publish","4":"has-post-thumbnail","6":"product_cat-banco","8":"first","9":"onbackorder","10":"shipping-taxable","11":"product-type-simple"},"_links":{"self":[{"href":"https:\/\/deccore.com.br\/loja\/wp-json\/wp\/v2\/product\/11386","targetHints":{"allow":["GET"]}}],"collection":[{"href":"https:\/\/deccore.com.br\/loja\/wp-json\/wp\/v2\/product"}],"about":[{"href":"https:\/\/deccore.com.br\/loja\/wp-json\/wp\/v2\/types\/product"}],"version-history":[{"count":1,"href":"https:\/\/deccore.com.br\/loja\/wp-json\/wp\/v2\/product\/11386\/revisions"}],"predecessor-version":[{"id":11388,"href":"https:\/\/deccore.com.br\/loja\/wp-json\/wp\/v2\/product\/11386\/revisions\/11388"}],"wp:featuredmedia":[{"embeddable":true,"href":"https:\/\/deccore.com.br\/loja\/wp-json\/wp\/v2\/media\/11387"}],"wp:attachment":[{"href":"https:\/\/deccore.com.br\/loja\/wp-json\/wp\/v2\/media?parent=11386"}],"wp:term":[{"taxonomy":"product_brand","embeddable":true,"href":"https:\/\/deccore.com.br\/loja\/wp-json\/wp\/v2\/product_brand?post=11386"},{"taxonomy":"product_cat","embeddable":true,"href":"https:\/\/deccore.com.br\/loja\/wp-json\/wp\/v2\/product_cat?post=11386"},{"taxonomy":"product_tag","embeddable":true,"href":"https:\/\/deccore.com.br\/loja\/wp-json\/wp\/v2\/product_tag?post=11386"}],"curies":[{"name":"wp","href":"https:\/\/api.w.org\/{rel}","templated":true}]}}