{"id":11455,"date":"2023-04-11T18:19:28","date_gmt":"2023-04-11T18:19:28","guid":{"rendered":"https:\/\/deccore.com.br\/loja\/?post_type=product&#038;p=11455"},"modified":"2023-04-11T18:19:28","modified_gmt":"2023-04-11T18:19:28","slug":"aparador-copan-designer-paulo-sartori","status":"publish","type":"product","link":"https:\/\/deccore.com.br\/loja\/product\/aparador-copan-designer-paulo-sartori\/","title":{"rendered":"APARADOR COPAN &#8211; DESIGNER: PAULO SARTORI"},"content":{"rendered":"","protected":false},"excerpt":{"rendered":"<p>V\u00c1RIAS OP\u00c7\u00d5ES DE ACABAMENTOS.<\/p>\n","protected":false},"featured_media":11456,"template":"","meta":[],"product_brand":[],"product_cat":[68],"product_tag":[],"class_list":{"0":"post-11455","1":"product","2":"type-product","3":"status-publish","4":"has-post-thumbnail","6":"product_cat-aparador","8":"first","9":"instock","10":"shipping-taxable","11":"product-type-simple"},"_links":{"self":[{"href":"https:\/\/deccore.com.br\/loja\/wp-json\/wp\/v2\/product\/11455","targetHints":{"allow":["GET"]}}],"collection":[{"href":"https:\/\/deccore.com.br\/loja\/wp-json\/wp\/v2\/product"}],"about":[{"href":"https:\/\/deccore.com.br\/loja\/wp-json\/wp\/v2\/types\/product"}],"version-history":[{"count":1,"href":"https:\/\/deccore.com.br\/loja\/wp-json\/wp\/v2\/product\/11455\/revisions"}],"predecessor-version":[{"id":11458,"href":"https:\/\/deccore.com.br\/loja\/wp-json\/wp\/v2\/product\/11455\/revisions\/11458"}],"wp:featuredmedia":[{"embeddable":true,"href":"https:\/\/deccore.com.br\/loja\/wp-json\/wp\/v2\/media\/11456"}],"wp:attachment":[{"href":"https:\/\/deccore.com.br\/loja\/wp-json\/wp\/v2\/media?parent=11455"}],"wp:term":[{"taxonomy":"product_brand","embeddable":true,"href":"https:\/\/deccore.com.br\/loja\/wp-json\/wp\/v2\/product_brand?post=11455"},{"taxonomy":"product_cat","embeddable":true,"href":"https:\/\/deccore.com.br\/loja\/wp-json\/wp\/v2\/product_cat?post=11455"},{"taxonomy":"product_tag","embeddable":true,"href":"https:\/\/deccore.com.br\/loja\/wp-json\/wp\/v2\/product_tag?post=11455"}],"curies":[{"name":"wp","href":"https:\/\/api.w.org\/{rel}","templated":true}]}}