{"id":11525,"date":"2023-04-19T18:03:09","date_gmt":"2023-04-19T18:03:09","guid":{"rendered":"https:\/\/deccore.com.br\/loja\/?post_type=product&#038;p=11525"},"modified":"2023-04-19T18:03:09","modified_gmt":"2023-04-19T18:03:09","slug":"mesa-lateral-serena-pronta-entrega-lzz","status":"publish","type":"product","link":"https:\/\/deccore.com.br\/loja\/product\/mesa-lateral-serena-pronta-entrega-lzz\/","title":{"rendered":"MESA LATERAL SERENA &#8211; PRONTA ENTREGA &#8211; LZZ"},"content":{"rendered":"","protected":false},"excerpt":{"rendered":"<p>V\u00c1RIAS OP\u00c7\u00d5ES DE ACABAMENTOS.<\/p>\n","protected":false},"featured_media":11526,"template":"","meta":[],"product_brand":[],"product_cat":[87,71,69],"product_tag":[],"class_list":{"0":"post-11525","1":"product","2":"type-product","3":"status-publish","4":"has-post-thumbnail","6":"product_cat-mesa-auxiliar","7":"product_cat-mesa-de-apoio","8":"product_cat-mesa-jantar","10":"first","11":"instock","12":"shipping-taxable","13":"product-type-simple"},"_links":{"self":[{"href":"https:\/\/deccore.com.br\/loja\/wp-json\/wp\/v2\/product\/11525","targetHints":{"allow":["GET"]}}],"collection":[{"href":"https:\/\/deccore.com.br\/loja\/wp-json\/wp\/v2\/product"}],"about":[{"href":"https:\/\/deccore.com.br\/loja\/wp-json\/wp\/v2\/types\/product"}],"version-history":[{"count":1,"href":"https:\/\/deccore.com.br\/loja\/wp-json\/wp\/v2\/product\/11525\/revisions"}],"predecessor-version":[{"id":11527,"href":"https:\/\/deccore.com.br\/loja\/wp-json\/wp\/v2\/product\/11525\/revisions\/11527"}],"wp:featuredmedia":[{"embeddable":true,"href":"https:\/\/deccore.com.br\/loja\/wp-json\/wp\/v2\/media\/11526"}],"wp:attachment":[{"href":"https:\/\/deccore.com.br\/loja\/wp-json\/wp\/v2\/media?parent=11525"}],"wp:term":[{"taxonomy":"product_brand","embeddable":true,"href":"https:\/\/deccore.com.br\/loja\/wp-json\/wp\/v2\/product_brand?post=11525"},{"taxonomy":"product_cat","embeddable":true,"href":"https:\/\/deccore.com.br\/loja\/wp-json\/wp\/v2\/product_cat?post=11525"},{"taxonomy":"product_tag","embeddable":true,"href":"https:\/\/deccore.com.br\/loja\/wp-json\/wp\/v2\/product_tag?post=11525"}],"curies":[{"name":"wp","href":"https:\/\/api.w.org\/{rel}","templated":true}]}}