{"id":11646,"date":"2023-05-04T17:22:50","date_gmt":"2023-05-04T17:22:50","guid":{"rendered":"https:\/\/deccore.com.br\/loja\/?post_type=product&#038;p=11646"},"modified":"2025-04-23T13:43:30","modified_gmt":"2025-04-23T13:43:30","slug":"poltrona-fita-com-puff-peca-unica","status":"publish","type":"product","link":"https:\/\/deccore.com.br\/loja\/product\/poltrona-fita-com-puff-peca-unica\/","title":{"rendered":"POLTRONA FITA COM PUFF -ENCOMENDA . &#8211; 21534 &#8211; M.S.F"},"content":{"rendered":"","protected":false},"excerpt":{"rendered":"<p>MEDIDAS: 0.97XX0.87X0.75<\/p>\n<p>PE\u00c7A \u00d9NICA COM 60% DE DESCONTO \u00c0 VISTA. COM PUFF.<\/p>\n","protected":false},"featured_media":11647,"template":"","meta":[],"product_brand":[],"product_cat":[15,64,109],"product_tag":[],"class_list":{"0":"post-11646","1":"product","2":"type-product","3":"status-publish","4":"has-post-thumbnail","6":"product_cat-uncategorized","7":"product_cat-poltronas","8":"product_cat-puff","10":"first","11":"onbackorder","12":"shipping-taxable","13":"product-type-simple"},"_links":{"self":[{"href":"https:\/\/deccore.com.br\/loja\/wp-json\/wp\/v2\/product\/11646","targetHints":{"allow":["GET"]}}],"collection":[{"href":"https:\/\/deccore.com.br\/loja\/wp-json\/wp\/v2\/product"}],"about":[{"href":"https:\/\/deccore.com.br\/loja\/wp-json\/wp\/v2\/types\/product"}],"version-history":[{"count":8,"href":"https:\/\/deccore.com.br\/loja\/wp-json\/wp\/v2\/product\/11646\/revisions"}],"predecessor-version":[{"id":16022,"href":"https:\/\/deccore.com.br\/loja\/wp-json\/wp\/v2\/product\/11646\/revisions\/16022"}],"wp:featuredmedia":[{"embeddable":true,"href":"https:\/\/deccore.com.br\/loja\/wp-json\/wp\/v2\/media\/11647"}],"wp:attachment":[{"href":"https:\/\/deccore.com.br\/loja\/wp-json\/wp\/v2\/media?parent=11646"}],"wp:term":[{"taxonomy":"product_brand","embeddable":true,"href":"https:\/\/deccore.com.br\/loja\/wp-json\/wp\/v2\/product_brand?post=11646"},{"taxonomy":"product_cat","embeddable":true,"href":"https:\/\/deccore.com.br\/loja\/wp-json\/wp\/v2\/product_cat?post=11646"},{"taxonomy":"product_tag","embeddable":true,"href":"https:\/\/deccore.com.br\/loja\/wp-json\/wp\/v2\/product_tag?post=11646"}],"curies":[{"name":"wp","href":"https:\/\/api.w.org\/{rel}","templated":true}]}}