{"id":11819,"date":"2023-05-05T18:06:36","date_gmt":"2023-05-05T18:06:36","guid":{"rendered":"https:\/\/deccore.com.br\/loja\/?post_type=product&#038;p=11819"},"modified":"2024-10-16T14:30:02","modified_gmt":"2024-10-16T14:30:02","slug":"poltrona-kira-nude-sob-encomenda","status":"publish","type":"product","link":"https:\/\/deccore.com.br\/loja\/product\/poltrona-kira-nude-sob-encomenda\/","title":{"rendered":"POLTRONA KIRA NUDE &#8211; SOB. ENCOMENDA"},"content":{"rendered":"\n","protected":false},"excerpt":{"rendered":"<div class=\"elementor-element elementor-element-102937cb elementor-widget elementor-widget-jet-listing-dynamic-field\" data-id=\"102937cb\" data-element_type=\"widget\" data-widget_type=\"jet-listing-dynamic-field.default\">\n<div class=\"elementor-widget-container\">\n<div class=\"jet-listing jet-listing-dynamic-field display-inline\">\n<div class=\"jet-listing-dynamic-field__inline-wrap\">\n<div class=\"jet-listing-dynamic-field__content\">Kira nude<\/div>\n<\/div>\n<\/div>\n<\/div>\n<\/div>\n<div class=\"elementor-element elementor-element-24ca2cb elementor-widget elementor-widget-jet-listing-dynamic-field\" data-id=\"24ca2cb\" data-element_type=\"widget\" data-widget_type=\"jet-listing-dynamic-field.default\">\n<div class=\"elementor-widget-container\">\n<div class=\"jet-listing jet-listing-dynamic-field display-multiline\">\n<div class=\"jet-listing-dynamic-field__content\">\n<p>Poltrona reclin\u00e1vel, girat\u00f3ria com fun\u00e7\u00e3o de giro inteligente, acompanha banqueta, base em metal, Revestimento em couro natural e courissimo (onde existe contato com o corpo couro natural, nas demais regi\u00f5es do produto courissimo)<\/p>\n<p>Peso : suporta at\u00e9 120 kg<\/p>\n<p>Medida: 75x65x108 totalmente reclinada 120<br \/>\nMedida do ch\u00e3o at\u00e9 assento 43 Medida do ch\u00e3o at\u00e9 o bra\u00e7o 52<\/p>\n<p>cor: Nude<\/p>\n<\/div>\n<\/div>\n<\/div>\n<\/div>\n","protected":false},"featured_media":11820,"template":"","meta":[],"product_brand":[],"product_cat":[15],"product_tag":[],"class_list":{"0":"post-11819","1":"product","2":"type-product","3":"status-publish","4":"has-post-thumbnail","6":"product_cat-uncategorized","8":"first","9":"onbackorder","10":"shipping-taxable","11":"product-type-simple"},"_links":{"self":[{"href":"https:\/\/deccore.com.br\/loja\/wp-json\/wp\/v2\/product\/11819","targetHints":{"allow":["GET"]}}],"collection":[{"href":"https:\/\/deccore.com.br\/loja\/wp-json\/wp\/v2\/product"}],"about":[{"href":"https:\/\/deccore.com.br\/loja\/wp-json\/wp\/v2\/types\/product"}],"version-history":[{"count":4,"href":"https:\/\/deccore.com.br\/loja\/wp-json\/wp\/v2\/product\/11819\/revisions"}],"predecessor-version":[{"id":15660,"href":"https:\/\/deccore.com.br\/loja\/wp-json\/wp\/v2\/product\/11819\/revisions\/15660"}],"wp:featuredmedia":[{"embeddable":true,"href":"https:\/\/deccore.com.br\/loja\/wp-json\/wp\/v2\/media\/11820"}],"wp:attachment":[{"href":"https:\/\/deccore.com.br\/loja\/wp-json\/wp\/v2\/media?parent=11819"}],"wp:term":[{"taxonomy":"product_brand","embeddable":true,"href":"https:\/\/deccore.com.br\/loja\/wp-json\/wp\/v2\/product_brand?post=11819"},{"taxonomy":"product_cat","embeddable":true,"href":"https:\/\/deccore.com.br\/loja\/wp-json\/wp\/v2\/product_cat?post=11819"},{"taxonomy":"product_tag","embeddable":true,"href":"https:\/\/deccore.com.br\/loja\/wp-json\/wp\/v2\/product_tag?post=11819"}],"curies":[{"name":"wp","href":"https:\/\/api.w.org\/{rel}","templated":true}]}}