{"id":11910,"date":"2023-05-18T14:13:26","date_gmt":"2023-05-18T14:13:26","guid":{"rendered":"https:\/\/deccore.com.br\/loja\/?post_type=product&#038;p=11910"},"modified":"2024-11-13T19:46:22","modified_gmt":"2024-11-13T19:46:22","slug":"banqueta-cady-tex-encomenda","status":"publish","type":"product","link":"https:\/\/deccore.com.br\/loja\/product\/banqueta-cady-tex-encomenda\/","title":{"rendered":"BANQUETA CADY TEX &#8211; ENCOMENDA"},"content":{"rendered":"","protected":false},"excerpt":{"rendered":"<p>V\u00c1RIAS OP\u00c7\u00d5ES DE REVESTIMENTOS E ACABAMENTOS,<\/p>\n","protected":false},"featured_media":11911,"template":"","meta":[],"product_brand":[],"product_cat":[15,100,78],"product_tag":[],"class_list":{"0":"post-11910","1":"product","2":"type-product","3":"status-publish","4":"has-post-thumbnail","6":"product_cat-uncategorized","7":"product_cat-banqueta","8":"product_cat-banquetas","10":"first","11":"onbackorder","12":"shipping-taxable","13":"product-type-simple"},"_links":{"self":[{"href":"https:\/\/deccore.com.br\/loja\/wp-json\/wp\/v2\/product\/11910","targetHints":{"allow":["GET"]}}],"collection":[{"href":"https:\/\/deccore.com.br\/loja\/wp-json\/wp\/v2\/product"}],"about":[{"href":"https:\/\/deccore.com.br\/loja\/wp-json\/wp\/v2\/types\/product"}],"version-history":[{"count":1,"href":"https:\/\/deccore.com.br\/loja\/wp-json\/wp\/v2\/product\/11910\/revisions"}],"predecessor-version":[{"id":11913,"href":"https:\/\/deccore.com.br\/loja\/wp-json\/wp\/v2\/product\/11910\/revisions\/11913"}],"wp:featuredmedia":[{"embeddable":true,"href":"https:\/\/deccore.com.br\/loja\/wp-json\/wp\/v2\/media\/11911"}],"wp:attachment":[{"href":"https:\/\/deccore.com.br\/loja\/wp-json\/wp\/v2\/media?parent=11910"}],"wp:term":[{"taxonomy":"product_brand","embeddable":true,"href":"https:\/\/deccore.com.br\/loja\/wp-json\/wp\/v2\/product_brand?post=11910"},{"taxonomy":"product_cat","embeddable":true,"href":"https:\/\/deccore.com.br\/loja\/wp-json\/wp\/v2\/product_cat?post=11910"},{"taxonomy":"product_tag","embeddable":true,"href":"https:\/\/deccore.com.br\/loja\/wp-json\/wp\/v2\/product_tag?post=11910"}],"curies":[{"name":"wp","href":"https:\/\/api.w.org\/{rel}","templated":true}]}}