{"id":11922,"date":"2023-05-22T17:40:36","date_gmt":"2023-05-22T17:40:36","guid":{"rendered":"https:\/\/deccore.com.br\/loja\/?post_type=product&#038;p=11922"},"modified":"2023-05-22T18:50:54","modified_gmt":"2023-05-22T18:50:54","slug":"escultura-de-parede-lips-pronta-entrega-designer-leonardo-bueno","status":"publish","type":"product","link":"https:\/\/deccore.com.br\/loja\/product\/escultura-de-parede-lips-pronta-entrega-designer-leonardo-bueno\/","title":{"rendered":"ESCULTURA DE PAREDE LIPS &#8211; ENCOMENDA &#8211; DESIGNER: LEONARDO BUENO."},"content":{"rendered":"","protected":false},"excerpt":{"rendered":"<p>Uma estrutura cujas curvas vem representar o desenho da boca. A riqueza da anatomia humana, principalmente quando vista em partes espec\u00edficas, encantam e inspiram.<\/p>\n<p><strong>Altura:<\/strong>\u00a00,60 m<\/p>\n<p><strong>Largura:\u00a0<\/strong>2,00 m<\/p>\n<p><strong>Profundidade:\u00a0<\/strong>0,05 m<\/p>\n<p>Pe\u00e7a elaborada em l\u00e2mina de madeira Freij\u00f3, Nogueira ou \u00c9bano.<\/p>\n<p>Natural da pequena cidade de Maria da F\u00e9, no sul do estado de Minas Gerais, imprime em cada projeto sua vis\u00e3o de mundo como artista.<br \/>\nTem como filosofia de vida \u201cA Leveza do Bruto\u201d, conceito que aplicado em suas obras traduz o desafio de transformar a mat\u00e9ria prima pesada em algo leve.<br \/>\nMadeira e a\u00e7o se tornam esculturas, m\u00f3veis e objetos que al\u00e9m de estrutura f\u00edsica, carregam significado. Todas as pe\u00e7as trazem uma hist\u00f3ria de cria\u00e7\u00e3o e tendo por base esta premissa, incorporam uma identidade.<br \/>\nDar calor e vida ao material g\u00e9lido e inanimado \u00e9 o objetivo, que s\u00f3 \u00e9 totalmente alcan\u00e7ado quando a energia envolvida em todo processo atinge e toca as pessoas.<br \/>\nTarefa detalhada que tem como principal ferramenta a m\u00e3o humana. O artista est\u00e1 envolvido em todo processo criativo, da inspira\u00e7\u00e3o \u00e0 execu\u00e7\u00e3o, o que garante a real materializa\u00e7\u00e3o da ideia.<\/p>\n<p>\u201cA Arte de Viver da Arte\u201d.<\/p>\n","protected":false},"featured_media":11923,"template":"","meta":[],"product_brand":[],"product_cat":[63,155],"product_tag":[],"class_list":{"0":"post-11922","1":"product","2":"type-product","3":"status-publish","4":"has-post-thumbnail","6":"product_cat-decoracoes","7":"product_cat-escultura","9":"first","10":"instock","11":"shipping-taxable","12":"product-type-simple"},"_links":{"self":[{"href":"https:\/\/deccore.com.br\/loja\/wp-json\/wp\/v2\/product\/11922","targetHints":{"allow":["GET"]}}],"collection":[{"href":"https:\/\/deccore.com.br\/loja\/wp-json\/wp\/v2\/product"}],"about":[{"href":"https:\/\/deccore.com.br\/loja\/wp-json\/wp\/v2\/types\/product"}],"version-history":[{"count":2,"href":"https:\/\/deccore.com.br\/loja\/wp-json\/wp\/v2\/product\/11922\/revisions"}],"predecessor-version":[{"id":11932,"href":"https:\/\/deccore.com.br\/loja\/wp-json\/wp\/v2\/product\/11922\/revisions\/11932"}],"wp:featuredmedia":[{"embeddable":true,"href":"https:\/\/deccore.com.br\/loja\/wp-json\/wp\/v2\/media\/11923"}],"wp:attachment":[{"href":"https:\/\/deccore.com.br\/loja\/wp-json\/wp\/v2\/media?parent=11922"}],"wp:term":[{"taxonomy":"product_brand","embeddable":true,"href":"https:\/\/deccore.com.br\/loja\/wp-json\/wp\/v2\/product_brand?post=11922"},{"taxonomy":"product_cat","embeddable":true,"href":"https:\/\/deccore.com.br\/loja\/wp-json\/wp\/v2\/product_cat?post=11922"},{"taxonomy":"product_tag","embeddable":true,"href":"https:\/\/deccore.com.br\/loja\/wp-json\/wp\/v2\/product_tag?post=11922"}],"curies":[{"name":"wp","href":"https:\/\/api.w.org\/{rel}","templated":true}]}}