{"id":11937,"date":"2023-05-22T19:16:43","date_gmt":"2023-05-22T19:16:43","guid":{"rendered":"https:\/\/deccore.com.br\/loja\/?post_type=product&#038;p=11937"},"modified":"2023-12-04T20:19:56","modified_gmt":"2023-12-04T20:19:56","slug":"escultura-de-parede-risk-designer-leonardo-bueno-pronta-entrega","status":"publish","type":"product","link":"https:\/\/deccore.com.br\/loja\/product\/escultura-de-parede-risk-designer-leonardo-bueno-pronta-entrega\/","title":{"rendered":"ESCULTURA DE PAREDE RISK &#8211; DESIGNER: LEONARDO BUENO &#8211; PRONTA ENTREGA."},"content":{"rendered":"","protected":false},"excerpt":{"rendered":"<p>Altura: 0,70 m Largura: 2,00 m Profundidade: 0,05 m Pe\u00e7a elaborada em l\u00e2mina de madeira Freij\u00f3, Nogueira ou \u00c9bano. \u00a0&#8230;<\/p>\n","protected":false},"featured_media":13446,"template":"","meta":[],"product_brand":[],"product_cat":[15,155],"product_tag":[],"class_list":{"0":"post-11937","1":"product","2":"type-product","3":"status-publish","4":"has-post-thumbnail","6":"product_cat-uncategorized","7":"product_cat-escultura","9":"first","10":"instock","11":"shipping-taxable","12":"product-type-simple"},"_links":{"self":[{"href":"https:\/\/deccore.com.br\/loja\/wp-json\/wp\/v2\/product\/11937","targetHints":{"allow":["GET"]}}],"collection":[{"href":"https:\/\/deccore.com.br\/loja\/wp-json\/wp\/v2\/product"}],"about":[{"href":"https:\/\/deccore.com.br\/loja\/wp-json\/wp\/v2\/types\/product"}],"version-history":[{"count":1,"href":"https:\/\/deccore.com.br\/loja\/wp-json\/wp\/v2\/product\/11937\/revisions"}],"predecessor-version":[{"id":11940,"href":"https:\/\/deccore.com.br\/loja\/wp-json\/wp\/v2\/product\/11937\/revisions\/11940"}],"wp:featuredmedia":[{"embeddable":true,"href":"https:\/\/deccore.com.br\/loja\/wp-json\/wp\/v2\/media\/13446"}],"wp:attachment":[{"href":"https:\/\/deccore.com.br\/loja\/wp-json\/wp\/v2\/media?parent=11937"}],"wp:term":[{"taxonomy":"product_brand","embeddable":true,"href":"https:\/\/deccore.com.br\/loja\/wp-json\/wp\/v2\/product_brand?post=11937"},{"taxonomy":"product_cat","embeddable":true,"href":"https:\/\/deccore.com.br\/loja\/wp-json\/wp\/v2\/product_cat?post=11937"},{"taxonomy":"product_tag","embeddable":true,"href":"https:\/\/deccore.com.br\/loja\/wp-json\/wp\/v2\/product_tag?post=11937"}],"curies":[{"name":"wp","href":"https:\/\/api.w.org\/{rel}","templated":true}]}}