{"id":11955,"date":"2023-05-23T17:17:40","date_gmt":"2023-05-23T17:17:40","guid":{"rendered":"https:\/\/deccore.com.br\/loja\/?post_type=product&#038;p=11955"},"modified":"2023-05-23T20:26:34","modified_gmt":"2023-05-23T20:26:34","slug":"banco-valentina-designer-leonardo-bueno-encomenda","status":"publish","type":"product","link":"https:\/\/deccore.com.br\/loja\/product\/banco-valentina-designer-leonardo-bueno-encomenda\/","title":{"rendered":"BANCO VALENTINA &#8211; DESIGNER: LEONARDO BUENO &#8211; ENCOMENDA"},"content":{"rendered":"","protected":false},"excerpt":{"rendered":"<p>MEDIDAS DISPON\u00cdVEIS: 2.00 &#8211; 2.20 E 2.70<\/p>\n<p>V\u00c1RIAS OP\u00c7\u00d5ES DE MADEIRAS.<\/p>\n","protected":false},"featured_media":11956,"template":"","meta":[],"product_brand":[],"product_cat":[74],"product_tag":[],"class_list":{"0":"post-11955","1":"product","2":"type-product","3":"status-publish","4":"has-post-thumbnail","6":"product_cat-banco","8":"first","9":"instock","10":"shipping-taxable","11":"product-type-simple"},"_links":{"self":[{"href":"https:\/\/deccore.com.br\/loja\/wp-json\/wp\/v2\/product\/11955","targetHints":{"allow":["GET"]}}],"collection":[{"href":"https:\/\/deccore.com.br\/loja\/wp-json\/wp\/v2\/product"}],"about":[{"href":"https:\/\/deccore.com.br\/loja\/wp-json\/wp\/v2\/types\/product"}],"version-history":[{"count":3,"href":"https:\/\/deccore.com.br\/loja\/wp-json\/wp\/v2\/product\/11955\/revisions"}],"predecessor-version":[{"id":11962,"href":"https:\/\/deccore.com.br\/loja\/wp-json\/wp\/v2\/product\/11955\/revisions\/11962"}],"wp:featuredmedia":[{"embeddable":true,"href":"https:\/\/deccore.com.br\/loja\/wp-json\/wp\/v2\/media\/11956"}],"wp:attachment":[{"href":"https:\/\/deccore.com.br\/loja\/wp-json\/wp\/v2\/media?parent=11955"}],"wp:term":[{"taxonomy":"product_brand","embeddable":true,"href":"https:\/\/deccore.com.br\/loja\/wp-json\/wp\/v2\/product_brand?post=11955"},{"taxonomy":"product_cat","embeddable":true,"href":"https:\/\/deccore.com.br\/loja\/wp-json\/wp\/v2\/product_cat?post=11955"},{"taxonomy":"product_tag","embeddable":true,"href":"https:\/\/deccore.com.br\/loja\/wp-json\/wp\/v2\/product_tag?post=11955"}],"curies":[{"name":"wp","href":"https:\/\/api.w.org\/{rel}","templated":true}]}}