{"id":11973,"date":"2023-05-24T13:33:22","date_gmt":"2023-05-24T13:33:22","guid":{"rendered":"https:\/\/deccore.com.br\/loja\/?post_type=product&#038;p=11973"},"modified":"2023-05-24T13:39:49","modified_gmt":"2023-05-24T13:39:49","slug":"aparador-lua-designer-leonardo-bueno-encomenda","status":"publish","type":"product","link":"https:\/\/deccore.com.br\/loja\/product\/aparador-lua-designer-leonardo-bueno-encomenda\/","title":{"rendered":"APARADOR LUA &#8211; DESIGNER: LEONARDO BUENO &#8211; ENCOMENDA."},"content":{"rendered":"","protected":false},"excerpt":{"rendered":"<p>Pe\u00e7a elaborada em madeira Freij\u00f3, Nogueira ou \u00c9bano.<\/p>\n<p><strong>Altura:<\/strong>\u00a00,55 m<\/p>\n<p><strong>Largura:<\/strong>\u00a02,20 m<\/p>\n<p><strong>Profundidade:<\/strong>\u00a00,40 m<\/p>\n<p>&nbsp;<\/p>\n","protected":false},"featured_media":11974,"template":"","meta":[],"product_brand":[],"product_cat":[68],"product_tag":[],"class_list":{"0":"post-11973","1":"product","2":"type-product","3":"status-publish","4":"has-post-thumbnail","6":"product_cat-aparador","8":"first","9":"instock","10":"shipping-taxable","11":"product-type-simple"},"_links":{"self":[{"href":"https:\/\/deccore.com.br\/loja\/wp-json\/wp\/v2\/product\/11973","targetHints":{"allow":["GET"]}}],"collection":[{"href":"https:\/\/deccore.com.br\/loja\/wp-json\/wp\/v2\/product"}],"about":[{"href":"https:\/\/deccore.com.br\/loja\/wp-json\/wp\/v2\/types\/product"}],"version-history":[{"count":3,"href":"https:\/\/deccore.com.br\/loja\/wp-json\/wp\/v2\/product\/11973\/revisions"}],"predecessor-version":[{"id":12085,"href":"https:\/\/deccore.com.br\/loja\/wp-json\/wp\/v2\/product\/11973\/revisions\/12085"}],"wp:featuredmedia":[{"embeddable":true,"href":"https:\/\/deccore.com.br\/loja\/wp-json\/wp\/v2\/media\/11974"}],"wp:attachment":[{"href":"https:\/\/deccore.com.br\/loja\/wp-json\/wp\/v2\/media?parent=11973"}],"wp:term":[{"taxonomy":"product_brand","embeddable":true,"href":"https:\/\/deccore.com.br\/loja\/wp-json\/wp\/v2\/product_brand?post=11973"},{"taxonomy":"product_cat","embeddable":true,"href":"https:\/\/deccore.com.br\/loja\/wp-json\/wp\/v2\/product_cat?post=11973"},{"taxonomy":"product_tag","embeddable":true,"href":"https:\/\/deccore.com.br\/loja\/wp-json\/wp\/v2\/product_tag?post=11973"}],"curies":[{"name":"wp","href":"https:\/\/api.w.org\/{rel}","templated":true}]}}