{"id":11984,"date":"2023-05-24T13:43:38","date_gmt":"2023-05-24T13:43:38","guid":{"rendered":"https:\/\/deccore.com.br\/loja\/?post_type=product&#038;p=11984"},"modified":"2023-05-24T13:43:38","modified_gmt":"2023-05-24T13:43:38","slug":"banco-gisele-designer-leonardo-bueno-encomenda","status":"publish","type":"product","link":"https:\/\/deccore.com.br\/loja\/product\/banco-gisele-designer-leonardo-bueno-encomenda\/","title":{"rendered":"BANCO GISELE &#8211; DESIGNER: LEONARDO BUENO &#8211; ENCOMENDA."},"content":{"rendered":"","protected":false},"excerpt":{"rendered":"<p><strong>Altura:<\/strong>\u00a00,45m<\/p>\n<p><strong>Largura:<\/strong>\u00a02,80 m<\/p>\n<p><strong>Profundidade:<\/strong>\u00a00,40 m<\/p>\n<p>Pe\u00e7a elaborada em madeira Freij\u00f3, Nogueira ou \u00c9bano.<\/p>\n","protected":false},"featured_media":11986,"template":"","meta":[],"product_brand":[],"product_cat":[74],"product_tag":[],"class_list":{"0":"post-11984","1":"product","2":"type-product","3":"status-publish","4":"has-post-thumbnail","6":"product_cat-banco","8":"first","9":"instock","10":"shipping-taxable","11":"product-type-simple"},"_links":{"self":[{"href":"https:\/\/deccore.com.br\/loja\/wp-json\/wp\/v2\/product\/11984","targetHints":{"allow":["GET"]}}],"collection":[{"href":"https:\/\/deccore.com.br\/loja\/wp-json\/wp\/v2\/product"}],"about":[{"href":"https:\/\/deccore.com.br\/loja\/wp-json\/wp\/v2\/types\/product"}],"version-history":[{"count":1,"href":"https:\/\/deccore.com.br\/loja\/wp-json\/wp\/v2\/product\/11984\/revisions"}],"predecessor-version":[{"id":11988,"href":"https:\/\/deccore.com.br\/loja\/wp-json\/wp\/v2\/product\/11984\/revisions\/11988"}],"wp:featuredmedia":[{"embeddable":true,"href":"https:\/\/deccore.com.br\/loja\/wp-json\/wp\/v2\/media\/11986"}],"wp:attachment":[{"href":"https:\/\/deccore.com.br\/loja\/wp-json\/wp\/v2\/media?parent=11984"}],"wp:term":[{"taxonomy":"product_brand","embeddable":true,"href":"https:\/\/deccore.com.br\/loja\/wp-json\/wp\/v2\/product_brand?post=11984"},{"taxonomy":"product_cat","embeddable":true,"href":"https:\/\/deccore.com.br\/loja\/wp-json\/wp\/v2\/product_cat?post=11984"},{"taxonomy":"product_tag","embeddable":true,"href":"https:\/\/deccore.com.br\/loja\/wp-json\/wp\/v2\/product_tag?post=11984"}],"curies":[{"name":"wp","href":"https:\/\/api.w.org\/{rel}","templated":true}]}}