{"id":11993,"date":"2023-05-24T14:14:01","date_gmt":"2023-05-24T14:14:01","guid":{"rendered":"https:\/\/deccore.com.br\/loja\/?post_type=product&#038;p=11993"},"modified":"2023-05-24T14:14:02","modified_gmt":"2023-05-24T14:14:02","slug":"escultura-serpente-designer-leonardo-bueno-encomenda","status":"publish","type":"product","link":"https:\/\/deccore.com.br\/loja\/product\/escultura-serpente-designer-leonardo-bueno-encomenda\/","title":{"rendered":"ESCULTURA SERPENTE &#8211; DESIGNER: LEONARDO BUENO &#8211; ENCOMENDA"},"content":{"rendered":"<p><strong>Altura:<\/strong>\u00a00,55 m<\/p>\n<p><strong>Largura:\u00a0<\/strong>0,90\u00a0m<\/p>\n<p><strong>Profundidade:\u00a0<\/strong>0,06 m<\/p>\n<p>Pe\u00e7a elaborada em l\u00e2mina de madeira Freij\u00f3, Nogueira ou \u00c9bano.<\/p>\n","protected":false},"excerpt":{"rendered":"<p><strong>Altura:<\/strong>\u00a00,55 m<\/p>\n<p><strong>Largura:\u00a0<\/strong>0,90\u00a0m<\/p>\n<p><strong>Profundidade:\u00a0<\/strong>0,06 m<\/p>\n<p>Pe\u00e7a elaborada em l\u00e2mina de madeira Freij\u00f3, Nogueira ou \u00c9bano.<\/p>\n","protected":false},"featured_media":11994,"template":"","meta":[],"product_brand":[],"product_cat":[15,63,155],"product_tag":[],"class_list":{"0":"post-11993","1":"product","2":"type-product","3":"status-publish","4":"has-post-thumbnail","6":"product_cat-uncategorized","7":"product_cat-decoracoes","8":"product_cat-escultura","10":"first","11":"instock","12":"shipping-taxable","13":"product-type-simple"},"_links":{"self":[{"href":"https:\/\/deccore.com.br\/loja\/wp-json\/wp\/v2\/product\/11993","targetHints":{"allow":["GET"]}}],"collection":[{"href":"https:\/\/deccore.com.br\/loja\/wp-json\/wp\/v2\/product"}],"about":[{"href":"https:\/\/deccore.com.br\/loja\/wp-json\/wp\/v2\/types\/product"}],"version-history":[{"count":2,"href":"https:\/\/deccore.com.br\/loja\/wp-json\/wp\/v2\/product\/11993\/revisions"}],"predecessor-version":[{"id":11997,"href":"https:\/\/deccore.com.br\/loja\/wp-json\/wp\/v2\/product\/11993\/revisions\/11997"}],"wp:featuredmedia":[{"embeddable":true,"href":"https:\/\/deccore.com.br\/loja\/wp-json\/wp\/v2\/media\/11994"}],"wp:attachment":[{"href":"https:\/\/deccore.com.br\/loja\/wp-json\/wp\/v2\/media?parent=11993"}],"wp:term":[{"taxonomy":"product_brand","embeddable":true,"href":"https:\/\/deccore.com.br\/loja\/wp-json\/wp\/v2\/product_brand?post=11993"},{"taxonomy":"product_cat","embeddable":true,"href":"https:\/\/deccore.com.br\/loja\/wp-json\/wp\/v2\/product_cat?post=11993"},{"taxonomy":"product_tag","embeddable":true,"href":"https:\/\/deccore.com.br\/loja\/wp-json\/wp\/v2\/product_tag?post=11993"}],"curies":[{"name":"wp","href":"https:\/\/api.w.org\/{rel}","templated":true}]}}