{"id":11998,"date":"2023-05-24T14:19:30","date_gmt":"2023-05-24T14:19:30","guid":{"rendered":"https:\/\/deccore.com.br\/loja\/?post_type=product&#038;p=11998"},"modified":"2023-05-24T14:19:30","modified_gmt":"2023-05-24T14:19:30","slug":"escultura-de-parede-aladiah-designer-leonardo-bueno-encomenda","status":"publish","type":"product","link":"https:\/\/deccore.com.br\/loja\/product\/escultura-de-parede-aladiah-designer-leonardo-bueno-encomenda\/","title":{"rendered":"ESCULTURA DE PAREDE ALADIAH &#8211; DESIGNER: LEONARDO BUENO &#8211; ENCOMENDA."},"content":{"rendered":"","protected":false},"excerpt":{"rendered":"<p>Simbolizando a sabedoria na hora de tomar decis\u00f5es, sua estrutura come\u00e7a e termina com um ponto. Uma analogia ao borr\u00e3o de caneta quando escrevemos. Representa, portanto, o fato de que devemos buscar certeza neste processo. N\u00e3o que seremos sempre assertivos, afinal, o erro faz parte mas, a busca pelo acerto nos leva para mais perto dele.<\/p>\n<p>E para isso, \u00e9 preciso algumas vezes parar para analisar a situa\u00e7\u00e3o, pensar antes de prosseguir. Algo que pode ser comparado a quando escrevemos. Quando surge uma d\u00favida, paramos a caneta para pensar e isso gera aquele pequeno borr\u00e3o de tinta. Um borr\u00e3o necess\u00e1rio, n\u00e3o concorda?<\/p>\n<p>Sem ele poder\u00edamos continuar escrevendo algo sem precis\u00e3o. Podemos inclusive observar em um texto escrito a m\u00e3o quantas vezes uma pausa foi necess\u00e1ria. E se trata exatamente disso! Pare para refletir quantas vezes for preciso. O rascunho da vida n\u00e3o vem com limite de borr\u00f5es.<\/p>\n<div class=\"et_pb_module et_pb_wc_description et_pb_wc_description_1_tb_body et_pb_bg_layout_dark  et_pb_text_align_left\">\n<div class=\"et_pb_module_inner\">\n<p><strong>Altura:<\/strong>\u00a01,90 m<\/p>\n<p><strong>Largura:\u00a0<\/strong>0,50 m<\/p>\n<p><strong>Profundidade:\u00a0<\/strong>0,05 m<\/p>\n<p>Pe\u00e7a elaborada em l\u00e2mina de madeira Freij\u00f3, Nogueira ou \u00c9bano.<\/p>\n<\/div>\n<\/div>\n<div class=\"et_pb_module et_pb_wc_additional_info et_pb_wc_additional_info_0_tb_body et_pb_bg_layout_dark  et_pb_text_align_left\">\n<div class=\"et_pb_module_inner\"><\/div>\n<\/div>\n<div class=\"et_pb_module et_pb_code et_pb_code_0_tb_body\">\n<div class=\"et_pb_code_inner\"><\/div>\n<\/div>\n<div class=\"et_pb_button_module_wrapper et_pb_button_0_tb_body_wrapper  et_pb_module \">\n<p><strong>Altura:<\/strong>\u00a01,90 m<\/p>\n<p><strong>Largura:\u00a0<\/strong>0,50 m<\/p>\n<p><strong>Profundidade:\u00a0<\/strong>0,05 m<\/p>\n<p>Pe\u00e7a elaborada em l\u00e2mina de madeira Freij\u00f3, Nogueira ou \u00c9bano.<\/p>\n<\/div>\n","protected":false},"featured_media":11999,"template":"","meta":[],"product_brand":[],"product_cat":[15,63,155],"product_tag":[],"class_list":{"0":"post-11998","1":"product","2":"type-product","3":"status-publish","4":"has-post-thumbnail","6":"product_cat-uncategorized","7":"product_cat-decoracoes","8":"product_cat-escultura","10":"first","11":"instock","12":"shipping-taxable","13":"product-type-simple"},"_links":{"self":[{"href":"https:\/\/deccore.com.br\/loja\/wp-json\/wp\/v2\/product\/11998","targetHints":{"allow":["GET"]}}],"collection":[{"href":"https:\/\/deccore.com.br\/loja\/wp-json\/wp\/v2\/product"}],"about":[{"href":"https:\/\/deccore.com.br\/loja\/wp-json\/wp\/v2\/types\/product"}],"version-history":[{"count":2,"href":"https:\/\/deccore.com.br\/loja\/wp-json\/wp\/v2\/product\/11998\/revisions"}],"predecessor-version":[{"id":12002,"href":"https:\/\/deccore.com.br\/loja\/wp-json\/wp\/v2\/product\/11998\/revisions\/12002"}],"wp:featuredmedia":[{"embeddable":true,"href":"https:\/\/deccore.com.br\/loja\/wp-json\/wp\/v2\/media\/11999"}],"wp:attachment":[{"href":"https:\/\/deccore.com.br\/loja\/wp-json\/wp\/v2\/media?parent=11998"}],"wp:term":[{"taxonomy":"product_brand","embeddable":true,"href":"https:\/\/deccore.com.br\/loja\/wp-json\/wp\/v2\/product_brand?post=11998"},{"taxonomy":"product_cat","embeddable":true,"href":"https:\/\/deccore.com.br\/loja\/wp-json\/wp\/v2\/product_cat?post=11998"},{"taxonomy":"product_tag","embeddable":true,"href":"https:\/\/deccore.com.br\/loja\/wp-json\/wp\/v2\/product_tag?post=11998"}],"curies":[{"name":"wp","href":"https:\/\/api.w.org\/{rel}","templated":true}]}}