{"id":12028,"date":"2023-05-26T19:07:51","date_gmt":"2023-05-26T19:07:51","guid":{"rendered":"https:\/\/deccore.com.br\/loja\/?post_type=product&#038;p=12028"},"modified":"2023-05-26T19:07:51","modified_gmt":"2023-05-26T19:07:51","slug":"designer-walter-cuco","status":"publish","type":"product","link":"https:\/\/deccore.com.br\/loja\/product\/designer-walter-cuco\/","title":{"rendered":"DESIGNER: WALTER CUCO"},"content":{"rendered":"","protected":false},"excerpt":{"rendered":"<p>Paulistano, formado em design de produtos pela Funda\u00e7\u00e3o Armando \u00c1lvares Penteado \u2013 FAAP em 2010. Desde ent\u00e3o, vem atuando em diferentes dire\u00e7\u00f5es dentro do ramo de decora\u00e7\u00e3o e produtos para casa.<\/p>\n<p>Trabalhou junto a empresas de arquitetura, escrit\u00f3rios de design e no departamento de produtos de uma conceituada loja no setor de m\u00f3veis.<\/p>\n","protected":false},"featured_media":12029,"template":"","meta":[],"product_brand":[],"product_cat":[15],"product_tag":[],"class_list":{"0":"post-12028","1":"product","2":"type-product","3":"status-publish","4":"has-post-thumbnail","6":"product_cat-uncategorized","8":"first","9":"instock","10":"shipping-taxable","11":"product-type-simple"},"_links":{"self":[{"href":"https:\/\/deccore.com.br\/loja\/wp-json\/wp\/v2\/product\/12028","targetHints":{"allow":["GET"]}}],"collection":[{"href":"https:\/\/deccore.com.br\/loja\/wp-json\/wp\/v2\/product"}],"about":[{"href":"https:\/\/deccore.com.br\/loja\/wp-json\/wp\/v2\/types\/product"}],"version-history":[{"count":1,"href":"https:\/\/deccore.com.br\/loja\/wp-json\/wp\/v2\/product\/12028\/revisions"}],"predecessor-version":[{"id":12030,"href":"https:\/\/deccore.com.br\/loja\/wp-json\/wp\/v2\/product\/12028\/revisions\/12030"}],"wp:featuredmedia":[{"embeddable":true,"href":"https:\/\/deccore.com.br\/loja\/wp-json\/wp\/v2\/media\/12029"}],"wp:attachment":[{"href":"https:\/\/deccore.com.br\/loja\/wp-json\/wp\/v2\/media?parent=12028"}],"wp:term":[{"taxonomy":"product_brand","embeddable":true,"href":"https:\/\/deccore.com.br\/loja\/wp-json\/wp\/v2\/product_brand?post=12028"},{"taxonomy":"product_cat","embeddable":true,"href":"https:\/\/deccore.com.br\/loja\/wp-json\/wp\/v2\/product_cat?post=12028"},{"taxonomy":"product_tag","embeddable":true,"href":"https:\/\/deccore.com.br\/loja\/wp-json\/wp\/v2\/product_tag?post=12028"}],"curies":[{"name":"wp","href":"https:\/\/api.w.org\/{rel}","templated":true}]}}