{"id":12566,"date":"2023-08-18T17:13:06","date_gmt":"2023-08-18T17:13:06","guid":{"rendered":"https:\/\/deccore.com.br\/loja\/?post_type=product&#038;p=12566"},"modified":"2024-10-09T14:27:24","modified_gmt":"2024-10-09T14:27:24","slug":"sofa-marbella-100-couro-natural-encomenda","status":"publish","type":"product","link":"https:\/\/deccore.com.br\/loja\/product\/sofa-marbella-100-couro-natural-encomenda\/","title":{"rendered":"SOF\u00c1 MARBELLA &#8211; 100% COURO NATURAL &#8211; ENCOMENDA."},"content":{"rendered":"","protected":false},"excerpt":{"rendered":"<p>O sof\u00e1 Marbella combina eleg\u00e2ncia e funcionalidade. O modelo possui linhas arredondadas e delicadas que trazem conforto a um design contempor\u00e2neo.<\/p>\n<p>Seu visual minimalista faz dele um sof\u00e1 vers\u00e1til, que se adapta a diferentes ambientes e estilos de decora\u00e7\u00e3o. Seja em uma sala de estar contempor\u00e2nea ou em um escrit\u00f3rio moderno, o sof\u00e1 Marbella eleva o ambiente.<\/p>\n","protected":false},"featured_media":12568,"template":"","meta":[],"product_brand":[],"product_cat":[15,85,65],"product_tag":[],"class_list":{"0":"post-12566","1":"product","2":"type-product","3":"status-publish","4":"has-post-thumbnail","6":"product_cat-uncategorized","7":"product_cat-estofados","8":"product_cat-sofas-2","10":"first","11":"onbackorder","12":"shipping-taxable","13":"product-type-simple"},"_links":{"self":[{"href":"https:\/\/deccore.com.br\/loja\/wp-json\/wp\/v2\/product\/12566","targetHints":{"allow":["GET"]}}],"collection":[{"href":"https:\/\/deccore.com.br\/loja\/wp-json\/wp\/v2\/product"}],"about":[{"href":"https:\/\/deccore.com.br\/loja\/wp-json\/wp\/v2\/types\/product"}],"version-history":[{"count":2,"href":"https:\/\/deccore.com.br\/loja\/wp-json\/wp\/v2\/product\/12566\/revisions"}],"predecessor-version":[{"id":12576,"href":"https:\/\/deccore.com.br\/loja\/wp-json\/wp\/v2\/product\/12566\/revisions\/12576"}],"wp:featuredmedia":[{"embeddable":true,"href":"https:\/\/deccore.com.br\/loja\/wp-json\/wp\/v2\/media\/12568"}],"wp:attachment":[{"href":"https:\/\/deccore.com.br\/loja\/wp-json\/wp\/v2\/media?parent=12566"}],"wp:term":[{"taxonomy":"product_brand","embeddable":true,"href":"https:\/\/deccore.com.br\/loja\/wp-json\/wp\/v2\/product_brand?post=12566"},{"taxonomy":"product_cat","embeddable":true,"href":"https:\/\/deccore.com.br\/loja\/wp-json\/wp\/v2\/product_cat?post=12566"},{"taxonomy":"product_tag","embeddable":true,"href":"https:\/\/deccore.com.br\/loja\/wp-json\/wp\/v2\/product_tag?post=12566"}],"curies":[{"name":"wp","href":"https:\/\/api.w.org\/{rel}","templated":true}]}}