{"id":12845,"date":"2023-08-30T18:22:13","date_gmt":"2023-08-30T18:22:13","guid":{"rendered":"https:\/\/deccore.com.br\/loja\/?post_type=product&#038;p=12845"},"modified":"2023-12-04T19:32:13","modified_gmt":"2023-12-04T19:32:13","slug":"banco-noha-encomenda-t-s-s","status":"publish","type":"product","link":"https:\/\/deccore.com.br\/loja\/product\/banco-noha-encomenda-t-s-s\/","title":{"rendered":"BANCO NOHO &#8211; ENCOMENDA &#8211; T.S.S"},"content":{"rendered":"<p> X  Y  Z<br \/>\n150 50 41<br \/>\n150 60 41<br \/>\n160 50 41<br \/>\n160 60 41<br \/>\n180 50 41<br \/>\n180 60 41<br \/>\n200 50 41<br \/>\n200 60 41<br \/>\n220 50 41<br \/>\n220 60 41<\/p>\n","protected":false},"excerpt":{"rendered":"<p>V\u00c1RIAS OP\u00c7\u00d5ES DE ACABAMENTOS E REVESTIMENTOS POR ENCOMENDA.<\/p>\n","protected":false},"featured_media":13414,"template":"","meta":[],"product_brand":[],"product_cat":[15,74],"product_tag":[],"class_list":{"0":"post-12845","1":"product","2":"type-product","3":"status-publish","4":"has-post-thumbnail","6":"product_cat-uncategorized","7":"product_cat-banco","9":"first","10":"instock","11":"shipping-taxable","12":"product-type-simple"},"_links":{"self":[{"href":"https:\/\/deccore.com.br\/loja\/wp-json\/wp\/v2\/product\/12845","targetHints":{"allow":["GET"]}}],"collection":[{"href":"https:\/\/deccore.com.br\/loja\/wp-json\/wp\/v2\/product"}],"about":[{"href":"https:\/\/deccore.com.br\/loja\/wp-json\/wp\/v2\/types\/product"}],"version-history":[{"count":1,"href":"https:\/\/deccore.com.br\/loja\/wp-json\/wp\/v2\/product\/12845\/revisions"}],"predecessor-version":[{"id":13415,"href":"https:\/\/deccore.com.br\/loja\/wp-json\/wp\/v2\/product\/12845\/revisions\/13415"}],"wp:featuredmedia":[{"embeddable":true,"href":"https:\/\/deccore.com.br\/loja\/wp-json\/wp\/v2\/media\/13414"}],"wp:attachment":[{"href":"https:\/\/deccore.com.br\/loja\/wp-json\/wp\/v2\/media?parent=12845"}],"wp:term":[{"taxonomy":"product_brand","embeddable":true,"href":"https:\/\/deccore.com.br\/loja\/wp-json\/wp\/v2\/product_brand?post=12845"},{"taxonomy":"product_cat","embeddable":true,"href":"https:\/\/deccore.com.br\/loja\/wp-json\/wp\/v2\/product_cat?post=12845"},{"taxonomy":"product_tag","embeddable":true,"href":"https:\/\/deccore.com.br\/loja\/wp-json\/wp\/v2\/product_tag?post=12845"}],"curies":[{"name":"wp","href":"https:\/\/api.w.org\/{rel}","templated":true}]}}