{"id":12857,"date":"2023-08-30T19:11:19","date_gmt":"2023-08-30T19:11:19","guid":{"rendered":"https:\/\/deccore.com.br\/loja\/?post_type=product&#038;p=12857"},"modified":"2024-10-16T14:27:05","modified_gmt":"2024-10-16T14:27:05","slug":"poltrona-cegonha-sob-encomenda-a-n-c-k","status":"publish","type":"product","link":"https:\/\/deccore.com.br\/loja\/product\/poltrona-cegonha-sob-encomenda-a-n-c-k\/","title":{"rendered":"POLTRONA CEGONHA -SOB. ENCOMENDA &#8211; A.N.C.K"},"content":{"rendered":"","protected":false},"excerpt":{"rendered":"<p>V\u00c1RIAS OP\u00c7\u00d5ES DE ACABAMENTOS E REVESTIMENTOS POR ENCOMENDA.<br \/>\nA 74<br \/>\nL 88<br \/>\nP 84<\/p>\n","protected":false},"featured_media":13440,"template":"","meta":[],"product_brand":[],"product_cat":[15,64],"product_tag":[],"class_list":{"0":"post-12857","1":"product","2":"type-product","3":"status-publish","4":"has-post-thumbnail","6":"product_cat-uncategorized","7":"product_cat-poltronas","9":"first","10":"onbackorder","11":"shipping-taxable","12":"product-type-simple"},"_links":{"self":[{"href":"https:\/\/deccore.com.br\/loja\/wp-json\/wp\/v2\/product\/12857","targetHints":{"allow":["GET"]}}],"collection":[{"href":"https:\/\/deccore.com.br\/loja\/wp-json\/wp\/v2\/product"}],"about":[{"href":"https:\/\/deccore.com.br\/loja\/wp-json\/wp\/v2\/types\/product"}],"version-history":[{"count":3,"href":"https:\/\/deccore.com.br\/loja\/wp-json\/wp\/v2\/product\/12857\/revisions"}],"predecessor-version":[{"id":15659,"href":"https:\/\/deccore.com.br\/loja\/wp-json\/wp\/v2\/product\/12857\/revisions\/15659"}],"wp:featuredmedia":[{"embeddable":true,"href":"https:\/\/deccore.com.br\/loja\/wp-json\/wp\/v2\/media\/13440"}],"wp:attachment":[{"href":"https:\/\/deccore.com.br\/loja\/wp-json\/wp\/v2\/media?parent=12857"}],"wp:term":[{"taxonomy":"product_brand","embeddable":true,"href":"https:\/\/deccore.com.br\/loja\/wp-json\/wp\/v2\/product_brand?post=12857"},{"taxonomy":"product_cat","embeddable":true,"href":"https:\/\/deccore.com.br\/loja\/wp-json\/wp\/v2\/product_cat?post=12857"},{"taxonomy":"product_tag","embeddable":true,"href":"https:\/\/deccore.com.br\/loja\/wp-json\/wp\/v2\/product_tag?post=12857"}],"curies":[{"name":"wp","href":"https:\/\/api.w.org\/{rel}","templated":true}]}}