{"id":12907,"date":"2023-09-01T18:49:59","date_gmt":"2023-09-01T18:49:59","guid":{"rendered":"https:\/\/deccore.com.br\/loja\/?post_type=product&#038;p=12907"},"modified":"2024-10-09T14:26:43","modified_gmt":"2024-10-09T14:26:43","slug":"sofa-quadro-encomenda-m-s-f","status":"publish","type":"product","link":"https:\/\/deccore.com.br\/loja\/product\/sofa-quadro-encomenda-m-s-f\/","title":{"rendered":"S\u00d3FA QUADRO &#8211; ENCOMENDA &#8211; M.S.F SOB. ENCOMENDA"},"content":{"rendered":"","protected":false},"excerpt":{"rendered":"<p>Quadro traz o conceito de um recorte da obra, o espa\u00e7o que a arte impera de forma irrestrita e bela, um detalhe que nos chama a aten\u00e7\u00e3o. O sof\u00e1 tem como destaque a simplicidade de sua forma, com linhas suaves, mas que em sua composi\u00e7\u00e3o real\u00e7am a beleza, trazendo contemporaneidade para o espa\u00e7o integrado<\/p>\n<p>V\u00c1RIAS OP\u00c7\u00d5ES DE ACABAMENTOS E REVESTIMENTOS POR ENCOMENDA.<\/p>\n","protected":false},"featured_media":13401,"template":"","meta":[],"product_brand":[],"product_cat":[15,65],"product_tag":[],"class_list":{"0":"post-12907","1":"product","2":"type-product","3":"status-publish","4":"has-post-thumbnail","6":"product_cat-uncategorized","7":"product_cat-sofas-2","9":"first","10":"onbackorder","11":"shipping-taxable","12":"product-type-simple"},"_links":{"self":[{"href":"https:\/\/deccore.com.br\/loja\/wp-json\/wp\/v2\/product\/12907","targetHints":{"allow":["GET"]}}],"collection":[{"href":"https:\/\/deccore.com.br\/loja\/wp-json\/wp\/v2\/product"}],"about":[{"href":"https:\/\/deccore.com.br\/loja\/wp-json\/wp\/v2\/types\/product"}],"version-history":[{"count":2,"href":"https:\/\/deccore.com.br\/loja\/wp-json\/wp\/v2\/product\/12907\/revisions"}],"predecessor-version":[{"id":15539,"href":"https:\/\/deccore.com.br\/loja\/wp-json\/wp\/v2\/product\/12907\/revisions\/15539"}],"wp:featuredmedia":[{"embeddable":true,"href":"https:\/\/deccore.com.br\/loja\/wp-json\/wp\/v2\/media\/13401"}],"wp:attachment":[{"href":"https:\/\/deccore.com.br\/loja\/wp-json\/wp\/v2\/media?parent=12907"}],"wp:term":[{"taxonomy":"product_brand","embeddable":true,"href":"https:\/\/deccore.com.br\/loja\/wp-json\/wp\/v2\/product_brand?post=12907"},{"taxonomy":"product_cat","embeddable":true,"href":"https:\/\/deccore.com.br\/loja\/wp-json\/wp\/v2\/product_cat?post=12907"},{"taxonomy":"product_tag","embeddable":true,"href":"https:\/\/deccore.com.br\/loja\/wp-json\/wp\/v2\/product_tag?post=12907"}],"curies":[{"name":"wp","href":"https:\/\/api.w.org\/{rel}","templated":true}]}}