{"id":12917,"date":"2023-09-01T19:29:49","date_gmt":"2023-09-01T19:29:49","guid":{"rendered":"https:\/\/deccore.com.br\/loja\/?post_type=product&#038;p=12917"},"modified":"2023-12-04T19:16:33","modified_gmt":"2023-12-04T19:16:33","slug":"banco-rolima-encomenda-f-l-g","status":"publish","type":"product","link":"https:\/\/deccore.com.br\/loja\/product\/banco-rolima-encomenda-f-l-g\/","title":{"rendered":"BANCO ROLIM\u00c3 &#8211; ENCOMENDA &#8211; F.L.G"},"content":{"rendered":"","protected":false},"excerpt":{"rendered":"<p>A Chaise Rolim\u00e3 pertence as mem\u00f3rias de inf\u00e2ncia, ao conforto deste lugar de lembran\u00e7a. Suas formas lembram este brinquedo comumente apreciado em um passado recente.<br \/>\nASS: MAURICIO BOMFIM<\/p>\n","protected":false},"featured_media":13397,"template":"","meta":[],"product_brand":[],"product_cat":[15,74],"product_tag":[],"class_list":{"0":"post-12917","1":"product","2":"type-product","3":"status-publish","4":"has-post-thumbnail","6":"product_cat-uncategorized","7":"product_cat-banco","9":"first","10":"instock","11":"shipping-taxable","12":"product-type-simple"},"_links":{"self":[{"href":"https:\/\/deccore.com.br\/loja\/wp-json\/wp\/v2\/product\/12917","targetHints":{"allow":["GET"]}}],"collection":[{"href":"https:\/\/deccore.com.br\/loja\/wp-json\/wp\/v2\/product"}],"about":[{"href":"https:\/\/deccore.com.br\/loja\/wp-json\/wp\/v2\/types\/product"}],"version-history":[{"count":1,"href":"https:\/\/deccore.com.br\/loja\/wp-json\/wp\/v2\/product\/12917\/revisions"}],"predecessor-version":[{"id":13399,"href":"https:\/\/deccore.com.br\/loja\/wp-json\/wp\/v2\/product\/12917\/revisions\/13399"}],"wp:featuredmedia":[{"embeddable":true,"href":"https:\/\/deccore.com.br\/loja\/wp-json\/wp\/v2\/media\/13397"}],"wp:attachment":[{"href":"https:\/\/deccore.com.br\/loja\/wp-json\/wp\/v2\/media?parent=12917"}],"wp:term":[{"taxonomy":"product_brand","embeddable":true,"href":"https:\/\/deccore.com.br\/loja\/wp-json\/wp\/v2\/product_brand?post=12917"},{"taxonomy":"product_cat","embeddable":true,"href":"https:\/\/deccore.com.br\/loja\/wp-json\/wp\/v2\/product_cat?post=12917"},{"taxonomy":"product_tag","embeddable":true,"href":"https:\/\/deccore.com.br\/loja\/wp-json\/wp\/v2\/product_tag?post=12917"}],"curies":[{"name":"wp","href":"https:\/\/api.w.org\/{rel}","templated":true}]}}