{"id":13052,"date":"2023-09-13T19:40:57","date_gmt":"2023-09-13T19:40:57","guid":{"rendered":"https:\/\/deccore.com.br\/loja\/?post_type=product&#038;p=13052"},"modified":"2023-12-04T19:10:41","modified_gmt":"2023-12-04T19:10:41","slug":"mesa-deva-encomenda-g-t-t","status":"publish","type":"product","link":"https:\/\/deccore.com.br\/loja\/product\/mesa-deva-encomenda-g-t-t\/","title":{"rendered":"MESA JANTAR DEVA &#8211; ENCOMENDA &#8211; G.T.T"},"content":{"rendered":"","protected":false},"excerpt":{"rendered":"<p>V\u00c1RIAS OP\u00c7\u00d5ES DE ACABAMENTOS<\/p>\n<p>200 x 110 x 76<br \/>\n220 x 110 x 76<br \/>\n240 x 110 x 76<br \/>\n260 x 115 x 76<br \/>\n280 x 120 x 76<br \/>\n300 x 120 x 76<\/p>\n","protected":false},"featured_media":13387,"template":"","meta":[],"product_brand":[],"product_cat":[106,69],"product_tag":[],"class_list":{"0":"post-13052","1":"product","2":"type-product","3":"status-publish","4":"has-post-thumbnail","6":"product_cat-mesa","7":"product_cat-mesa-jantar","9":"first","10":"instock","11":"shipping-taxable","12":"product-type-simple"},"_links":{"self":[{"href":"https:\/\/deccore.com.br\/loja\/wp-json\/wp\/v2\/product\/13052","targetHints":{"allow":["GET"]}}],"collection":[{"href":"https:\/\/deccore.com.br\/loja\/wp-json\/wp\/v2\/product"}],"about":[{"href":"https:\/\/deccore.com.br\/loja\/wp-json\/wp\/v2\/types\/product"}],"version-history":[{"count":2,"href":"https:\/\/deccore.com.br\/loja\/wp-json\/wp\/v2\/product\/13052\/revisions"}],"predecessor-version":[{"id":13389,"href":"https:\/\/deccore.com.br\/loja\/wp-json\/wp\/v2\/product\/13052\/revisions\/13389"}],"wp:featuredmedia":[{"embeddable":true,"href":"https:\/\/deccore.com.br\/loja\/wp-json\/wp\/v2\/media\/13387"}],"wp:attachment":[{"href":"https:\/\/deccore.com.br\/loja\/wp-json\/wp\/v2\/media?parent=13052"}],"wp:term":[{"taxonomy":"product_brand","embeddable":true,"href":"https:\/\/deccore.com.br\/loja\/wp-json\/wp\/v2\/product_brand?post=13052"},{"taxonomy":"product_cat","embeddable":true,"href":"https:\/\/deccore.com.br\/loja\/wp-json\/wp\/v2\/product_cat?post=13052"},{"taxonomy":"product_tag","embeddable":true,"href":"https:\/\/deccore.com.br\/loja\/wp-json\/wp\/v2\/product_tag?post=13052"}],"curies":[{"name":"wp","href":"https:\/\/api.w.org\/{rel}","templated":true}]}}