{"id":13061,"date":"2023-09-14T19:38:27","date_gmt":"2023-09-14T19:38:27","guid":{"rendered":"https:\/\/deccore.com.br\/loja\/?post_type=product&#038;p=13061"},"modified":"2024-10-09T14:22:29","modified_gmt":"2024-10-09T14:22:29","slug":"sofa-moon-designer-pedro-mendes-encomenda","status":"publish","type":"product","link":"https:\/\/deccore.com.br\/loja\/product\/sofa-moon-designer-pedro-mendes-encomenda\/","title":{"rendered":"SOF\u00c1 MOON &#8211; FLLG &#8211; DESIGNER PEDRO MENDES &#8211;  ENCOMENDA"},"content":{"rendered":"","protected":false},"excerpt":{"rendered":"<p>V\u00c1RIAS OP\u00c7\u00d5ES DE MEDIDAS E REVESTIMENTOS <\/p>\n<p>Com uma leve curvatura a pe\u00e7a com design contempor\u00e2neo expressa minimalismo e um conforto que \u00e9, sem d\u00favidas, uma das maiores caracter\u00edsticas do mobili\u00e1rio.<br \/>\nMadeira da estrutura: Ecologicamente correta, eucalipto beneficiado e imunizado contra insetos.<br \/>\nGrampo: Galvanizado (contra ferrugem)<br \/>\nMolejo: Percinta El\u00e1stica Importada<br \/>\nAssento fixo: Espuma D33, Espuma Ultracel<br \/>\nBra\u00e7o e encosto fixo: Espuma Ultracel, Hiper, Fibra<\/p>\n<p>Caracter\u00edsticas da Ultracel: espuma diferenciada, proporciona elevad\u00edssima durabilidade e maciez. Com coeficiente de deforma\u00e7\u00e3o pr\u00f3ximo a zero (efetuado teste, onde foi colocada embaixo do pneu de um autom\u00f3vel por 12 horas e manteve 100% do formato original). Usada sobre almofadas nos assentos e encosto de alguns produtos, proporcionando elevado conforto e oferecendo total seguran\u00e7a a m\u00e9dio e longo prazo, conservando apar\u00eancia original da almofada, n\u00e3o sofrendo deforma\u00e7\u00e3o, mesmo com uso excessivo.<\/p>\n","protected":false},"featured_media":13360,"template":"","meta":[],"product_brand":[],"product_cat":[15,65],"product_tag":[],"class_list":{"0":"post-13061","1":"product","2":"type-product","3":"status-publish","4":"has-post-thumbnail","6":"product_cat-uncategorized","7":"product_cat-sofas-2","9":"first","10":"onbackorder","11":"shipping-taxable","12":"product-type-simple"},"_links":{"self":[{"href":"https:\/\/deccore.com.br\/loja\/wp-json\/wp\/v2\/product\/13061","targetHints":{"allow":["GET"]}}],"collection":[{"href":"https:\/\/deccore.com.br\/loja\/wp-json\/wp\/v2\/product"}],"about":[{"href":"https:\/\/deccore.com.br\/loja\/wp-json\/wp\/v2\/types\/product"}],"version-history":[{"count":3,"href":"https:\/\/deccore.com.br\/loja\/wp-json\/wp\/v2\/product\/13061\/revisions"}],"predecessor-version":[{"id":13278,"href":"https:\/\/deccore.com.br\/loja\/wp-json\/wp\/v2\/product\/13061\/revisions\/13278"}],"wp:featuredmedia":[{"embeddable":true,"href":"https:\/\/deccore.com.br\/loja\/wp-json\/wp\/v2\/media\/13360"}],"wp:attachment":[{"href":"https:\/\/deccore.com.br\/loja\/wp-json\/wp\/v2\/media?parent=13061"}],"wp:term":[{"taxonomy":"product_brand","embeddable":true,"href":"https:\/\/deccore.com.br\/loja\/wp-json\/wp\/v2\/product_brand?post=13061"},{"taxonomy":"product_cat","embeddable":true,"href":"https:\/\/deccore.com.br\/loja\/wp-json\/wp\/v2\/product_cat?post=13061"},{"taxonomy":"product_tag","embeddable":true,"href":"https:\/\/deccore.com.br\/loja\/wp-json\/wp\/v2\/product_tag?post=13061"}],"curies":[{"name":"wp","href":"https:\/\/api.w.org\/{rel}","templated":true}]}}