{"id":13112,"date":"2023-09-27T19:14:57","date_gmt":"2023-09-27T19:14:57","guid":{"rendered":"https:\/\/deccore.com.br\/loja\/?post_type=product&#038;p=13112"},"modified":"2023-12-04T20:24:31","modified_gmt":"2023-12-04T20:24:31","slug":"poltrona-zoe-pronta-entrega-23360-v-r","status":"publish","type":"product","link":"https:\/\/deccore.com.br\/loja\/product\/poltrona-zoe-pronta-entrega-23360-v-r\/","title":{"rendered":"POLTRONA ZOE &#8211; PRONTA ENTREGA &#8211; 23360 &#8211; V.R"},"content":{"rendered":"","protected":false},"excerpt":{"rendered":"<p>Estrutura em madeira maci\u00e7a de tauari, assento e encosto em multilaminado com acabamento em l\u00e2mina natural de freij\u00f3.<br \/>\nO conforto desta poltrona fica por conta da ergonomia, que a torna perfeita para aquela sala de bate papo com amigos.<\/p>\n","protected":false},"featured_media":13448,"template":"","meta":[],"product_brand":[],"product_cat":[15,64],"product_tag":[],"class_list":{"0":"post-13112","1":"product","2":"type-product","3":"status-publish","4":"has-post-thumbnail","6":"product_cat-uncategorized","7":"product_cat-poltronas","9":"first","10":"instock","11":"shipping-taxable","12":"product-type-simple"},"_links":{"self":[{"href":"https:\/\/deccore.com.br\/loja\/wp-json\/wp\/v2\/product\/13112","targetHints":{"allow":["GET"]}}],"collection":[{"href":"https:\/\/deccore.com.br\/loja\/wp-json\/wp\/v2\/product"}],"about":[{"href":"https:\/\/deccore.com.br\/loja\/wp-json\/wp\/v2\/types\/product"}],"version-history":[{"count":2,"href":"https:\/\/deccore.com.br\/loja\/wp-json\/wp\/v2\/product\/13112\/revisions"}],"predecessor-version":[{"id":13450,"href":"https:\/\/deccore.com.br\/loja\/wp-json\/wp\/v2\/product\/13112\/revisions\/13450"}],"wp:featuredmedia":[{"embeddable":true,"href":"https:\/\/deccore.com.br\/loja\/wp-json\/wp\/v2\/media\/13448"}],"wp:attachment":[{"href":"https:\/\/deccore.com.br\/loja\/wp-json\/wp\/v2\/media?parent=13112"}],"wp:term":[{"taxonomy":"product_brand","embeddable":true,"href":"https:\/\/deccore.com.br\/loja\/wp-json\/wp\/v2\/product_brand?post=13112"},{"taxonomy":"product_cat","embeddable":true,"href":"https:\/\/deccore.com.br\/loja\/wp-json\/wp\/v2\/product_cat?post=13112"},{"taxonomy":"product_tag","embeddable":true,"href":"https:\/\/deccore.com.br\/loja\/wp-json\/wp\/v2\/product_tag?post=13112"}],"curies":[{"name":"wp","href":"https:\/\/api.w.org\/{rel}","templated":true}]}}