{"id":13142,"date":"2023-10-05T20:20:10","date_gmt":"2023-10-05T20:20:10","guid":{"rendered":"https:\/\/deccore.com.br\/loja\/?post_type=product&#038;p=13142"},"modified":"2026-03-24T14:11:44","modified_gmt":"2026-03-24T14:11:44","slug":"poltrona-hera-pronta-entrega","status":"publish","type":"product","link":"https:\/\/deccore.com.br\/loja\/product\/poltrona-hera-pronta-entrega\/","title":{"rendered":"POLTRONA HERA &#8211;"},"content":{"rendered":"","protected":false},"excerpt":{"rendered":"<p>A Poltrona Hera traz p\u00e9s ergon\u00f4micos e modernos para uma estrutura aconchegante em cada detalhe. Conta com linhas curvas em suas laterais que trazem ainda mais destaque e \u00eanfase ao produto.<\/p>\n<p><em><strong>ESTRUTURA:<\/strong><\/em><br \/>\nA Estrutura \u00e9 fabricada em A\u00e7o Inox podendo ser polido ou pintado.<\/p>\n<p><strong><em>ASSENTO E ENCOSTO:<\/em><br \/>\n<\/strong>Assento e encosto multilaminado com revestimento em espuma e tecido conforme padr\u00e3o de acabamento. A parte de tr\u00e1s do assento pode ser feito compos\u00ea de tecidos.<\/p>\n<p><strong><em>MEDIDAS:\u00a0\u00a0<\/em><br \/>\n<\/strong>L: 0,72 x P: 0,72 x A:0,73 &#8211;\u00a0Altura at\u00e9 o Assento: 0,41<\/p>\n<div class=\"madeira\">\n<p><strong>Foto do produto meramente ilustrativa.<\/strong><\/p>\n<p>O produto pode ser PERSONALIZADO conforme escolha dos padr\u00f5es de acabamento. Caso tenha d\u00favida sobre os acabamentos, solicite a um de nossos consultores de vendas as fotos das amostras dispon\u00edveis.<\/p>\n<\/div>\n<div class=\"madeira\">\n<p>&nbsp;<\/p>\n<\/div>\n","protected":false},"featured_media":13348,"template":"","meta":[],"product_brand":[],"product_cat":[15,64],"product_tag":[],"class_list":{"0":"post-13142","1":"product","2":"type-product","3":"status-publish","4":"has-post-thumbnail","6":"product_cat-uncategorized","7":"product_cat-poltronas","9":"first","10":"instock","11":"shipping-taxable","12":"product-type-simple"},"_links":{"self":[{"href":"https:\/\/deccore.com.br\/loja\/wp-json\/wp\/v2\/product\/13142","targetHints":{"allow":["GET"]}}],"collection":[{"href":"https:\/\/deccore.com.br\/loja\/wp-json\/wp\/v2\/product"}],"about":[{"href":"https:\/\/deccore.com.br\/loja\/wp-json\/wp\/v2\/types\/product"}],"version-history":[{"count":3,"href":"https:\/\/deccore.com.br\/loja\/wp-json\/wp\/v2\/product\/13142\/revisions"}],"predecessor-version":[{"id":16423,"href":"https:\/\/deccore.com.br\/loja\/wp-json\/wp\/v2\/product\/13142\/revisions\/16423"}],"wp:featuredmedia":[{"embeddable":true,"href":"https:\/\/deccore.com.br\/loja\/wp-json\/wp\/v2\/media\/13348"}],"wp:attachment":[{"href":"https:\/\/deccore.com.br\/loja\/wp-json\/wp\/v2\/media?parent=13142"}],"wp:term":[{"taxonomy":"product_brand","embeddable":true,"href":"https:\/\/deccore.com.br\/loja\/wp-json\/wp\/v2\/product_brand?post=13142"},{"taxonomy":"product_cat","embeddable":true,"href":"https:\/\/deccore.com.br\/loja\/wp-json\/wp\/v2\/product_cat?post=13142"},{"taxonomy":"product_tag","embeddable":true,"href":"https:\/\/deccore.com.br\/loja\/wp-json\/wp\/v2\/product_tag?post=13142"}],"curies":[{"name":"wp","href":"https:\/\/api.w.org\/{rel}","templated":true}]}}