{"id":13165,"date":"2023-10-18T17:32:35","date_gmt":"2023-10-18T17:32:35","guid":{"rendered":"https:\/\/deccore.com.br\/loja\/?post_type=product&#038;p=13165"},"modified":"2026-03-24T18:35:25","modified_gmt":"2026-03-24T18:35:25","slug":"poltrona-alexia-pronta-entrega-23372-m-n-n","status":"publish","type":"product","link":"https:\/\/deccore.com.br\/loja\/product\/poltrona-alexia-pronta-entrega-23372-m-n-n\/","title":{"rendered":"POLTRONA ALEXIA EL\u00c9TRICA &#8211; &#8211; 23372 &#8211; M.N.N &#8211;"},"content":{"rendered":"<p><iframe title=\"Poltrona Alexia - Minuano Mobili\u00e1rio\" width=\"600\" height=\"338\" src=\"https:\/\/www.youtube.com\/embed\/7y7s8sc1UwU?feature=oembed\" frameborder=\"0\" allow=\"accelerometer; autoplay; clipboard-write; encrypted-media; gyroscope; picture-in-picture; web-share\" referrerpolicy=\"strict-origin-when-cross-origin\" allowfullscreen><\/iframe><\/p>\n","protected":false},"excerpt":{"rendered":"<p>A poltrona Alexia \u00e9 a escolha certa para quem busca o conforto de uma poltrona reclin\u00e1vel com um visual minimalista, sendo perfeita para ambientes pequenos. Ela conta com sistema reclin\u00e1vel el\u00e9trico e um amplo grau de inclina\u00e7\u00e3o, e ainda pode ser customizada em um das mais de 30 op\u00e7\u00f5es de cores dispon\u00edveis em nosso cat\u00e1logo.<\/p>\n","protected":false},"featured_media":14338,"template":"","meta":[],"product_brand":[],"product_cat":[15,116],"product_tag":[],"class_list":{"0":"post-13165","1":"product","2":"type-product","3":"status-publish","4":"has-post-thumbnail","6":"product_cat-uncategorized","7":"product_cat-poltronas-automatizadas-e-manuais","9":"first","10":"instock","11":"shipping-taxable","12":"product-type-simple"},"_links":{"self":[{"href":"https:\/\/deccore.com.br\/loja\/wp-json\/wp\/v2\/product\/13165","targetHints":{"allow":["GET"]}}],"collection":[{"href":"https:\/\/deccore.com.br\/loja\/wp-json\/wp\/v2\/product"}],"about":[{"href":"https:\/\/deccore.com.br\/loja\/wp-json\/wp\/v2\/types\/product"}],"version-history":[{"count":5,"href":"https:\/\/deccore.com.br\/loja\/wp-json\/wp\/v2\/product\/13165\/revisions"}],"predecessor-version":[{"id":16422,"href":"https:\/\/deccore.com.br\/loja\/wp-json\/wp\/v2\/product\/13165\/revisions\/16422"}],"wp:featuredmedia":[{"embeddable":true,"href":"https:\/\/deccore.com.br\/loja\/wp-json\/wp\/v2\/media\/14338"}],"wp:attachment":[{"href":"https:\/\/deccore.com.br\/loja\/wp-json\/wp\/v2\/media?parent=13165"}],"wp:term":[{"taxonomy":"product_brand","embeddable":true,"href":"https:\/\/deccore.com.br\/loja\/wp-json\/wp\/v2\/product_brand?post=13165"},{"taxonomy":"product_cat","embeddable":true,"href":"https:\/\/deccore.com.br\/loja\/wp-json\/wp\/v2\/product_cat?post=13165"},{"taxonomy":"product_tag","embeddable":true,"href":"https:\/\/deccore.com.br\/loja\/wp-json\/wp\/v2\/product_tag?post=13165"}],"curies":[{"name":"wp","href":"https:\/\/api.w.org\/{rel}","templated":true}]}}