{"id":13231,"date":"2023-11-28T13:37:48","date_gmt":"2023-11-28T13:37:48","guid":{"rendered":"https:\/\/deccore.com.br\/loja\/?post_type=product&#038;p=13231"},"modified":"2024-01-31T18:39:21","modified_gmt":"2024-01-31T18:39:21","slug":"mesa-centro-planalto-cod-23392-ess-pronta-entrega","status":"publish","type":"product","link":"https:\/\/deccore.com.br\/loja\/product\/mesa-centro-planalto-cod-23392-ess-pronta-entrega\/","title":{"rendered":"MESA CENTRO PLANALTO C\u00d3D. 23392 &#8211; ESS. PRONTA ENTREGA."},"content":{"rendered":"","protected":false},"excerpt":{"rendered":"<p>Transforme sua sala com a mesa de centro dos sonhos! Com tr\u00eas mesinhas conectadas, essa pe\u00e7a vers\u00e1til traz praticidade e estilo para o seu ambiente.<\/p>\n<p>Com um design moderno e elegante, ela \u00e9 perfeita para quem busca um toque de sofistica\u00e7\u00e3o na decora\u00e7\u00e3o.<\/p>\n<p>Adquira j\u00e1 a sua e surpreenda-se com a funcionalidade e beleza dessa incr\u00edvel mesa de centro!<\/p>\n<p>MEDIDAS: 1.25X1.21X0.45<\/p>\n<p>COM VIDRO COR 7 DESERT.<\/p>\n","protected":false},"featured_media":13929,"template":"","meta":[],"product_brand":[],"product_cat":[76],"product_tag":[],"class_list":{"0":"post-13231","1":"product","2":"type-product","3":"status-publish","4":"has-post-thumbnail","6":"product_cat-mesa-centro","8":"first","9":"instock","10":"shipping-taxable","11":"product-type-simple"},"_links":{"self":[{"href":"https:\/\/deccore.com.br\/loja\/wp-json\/wp\/v2\/product\/13231","targetHints":{"allow":["GET"]}}],"collection":[{"href":"https:\/\/deccore.com.br\/loja\/wp-json\/wp\/v2\/product"}],"about":[{"href":"https:\/\/deccore.com.br\/loja\/wp-json\/wp\/v2\/types\/product"}],"version-history":[{"count":4,"href":"https:\/\/deccore.com.br\/loja\/wp-json\/wp\/v2\/product\/13231\/revisions"}],"predecessor-version":[{"id":13930,"href":"https:\/\/deccore.com.br\/loja\/wp-json\/wp\/v2\/product\/13231\/revisions\/13930"}],"wp:featuredmedia":[{"embeddable":true,"href":"https:\/\/deccore.com.br\/loja\/wp-json\/wp\/v2\/media\/13929"}],"wp:attachment":[{"href":"https:\/\/deccore.com.br\/loja\/wp-json\/wp\/v2\/media?parent=13231"}],"wp:term":[{"taxonomy":"product_brand","embeddable":true,"href":"https:\/\/deccore.com.br\/loja\/wp-json\/wp\/v2\/product_brand?post=13231"},{"taxonomy":"product_cat","embeddable":true,"href":"https:\/\/deccore.com.br\/loja\/wp-json\/wp\/v2\/product_cat?post=13231"},{"taxonomy":"product_tag","embeddable":true,"href":"https:\/\/deccore.com.br\/loja\/wp-json\/wp\/v2\/product_tag?post=13231"}],"curies":[{"name":"wp","href":"https:\/\/api.w.org\/{rel}","templated":true}]}}