{"id":13244,"date":"2023-11-28T14:00:59","date_gmt":"2023-11-28T14:00:59","guid":{"rendered":"https:\/\/deccore.com.br\/loja\/?post_type=product&#038;p=13244"},"modified":"2023-11-28T16:16:16","modified_gmt":"2023-11-28T16:16:16","slug":"aparador-quadra-encomenda-esc","status":"publish","type":"product","link":"https:\/\/deccore.com.br\/loja\/product\/aparador-quadra-encomenda-esc\/","title":{"rendered":"APARADOR QUADRA &#8211; PRONTA ENTREGA &#8211; ESC."},"content":{"rendered":"","protected":false},"excerpt":{"rendered":"<p>AP0010 \u2013 Champagne \/ M\u00e1rmore Branco Carrara \/ Laminado Nogueira<br \/>\n1,30 x 0,40 x 0,80<br \/>\n1,50 x 0,40 x 0,80<br \/>\n1,70 x 0,40 x 0,80<\/p>\n<p>V\u00c1RIAS OP\u00c7\u00d5ES DE ACABAMENTOS.<\/p>\n","protected":false},"featured_media":13259,"template":"","meta":[],"product_brand":[],"product_cat":[68],"product_tag":[],"class_list":{"0":"post-13244","1":"product","2":"type-product","3":"status-publish","4":"has-post-thumbnail","6":"product_cat-aparador","8":"first","9":"instock","10":"shipping-taxable","11":"product-type-simple"},"_links":{"self":[{"href":"https:\/\/deccore.com.br\/loja\/wp-json\/wp\/v2\/product\/13244","targetHints":{"allow":["GET"]}}],"collection":[{"href":"https:\/\/deccore.com.br\/loja\/wp-json\/wp\/v2\/product"}],"about":[{"href":"https:\/\/deccore.com.br\/loja\/wp-json\/wp\/v2\/types\/product"}],"version-history":[{"count":3,"href":"https:\/\/deccore.com.br\/loja\/wp-json\/wp\/v2\/product\/13244\/revisions"}],"predecessor-version":[{"id":13261,"href":"https:\/\/deccore.com.br\/loja\/wp-json\/wp\/v2\/product\/13244\/revisions\/13261"}],"wp:featuredmedia":[{"embeddable":true,"href":"https:\/\/deccore.com.br\/loja\/wp-json\/wp\/v2\/media\/13259"}],"wp:attachment":[{"href":"https:\/\/deccore.com.br\/loja\/wp-json\/wp\/v2\/media?parent=13244"}],"wp:term":[{"taxonomy":"product_brand","embeddable":true,"href":"https:\/\/deccore.com.br\/loja\/wp-json\/wp\/v2\/product_brand?post=13244"},{"taxonomy":"product_cat","embeddable":true,"href":"https:\/\/deccore.com.br\/loja\/wp-json\/wp\/v2\/product_cat?post=13244"},{"taxonomy":"product_tag","embeddable":true,"href":"https:\/\/deccore.com.br\/loja\/wp-json\/wp\/v2\/product_tag?post=13244"}],"curies":[{"name":"wp","href":"https:\/\/api.w.org\/{rel}","templated":true}]}}