{"id":13249,"date":"2023-11-28T14:09:09","date_gmt":"2023-11-28T14:09:09","guid":{"rendered":"https:\/\/deccore.com.br\/loja\/?post_type=product&#038;p=13249"},"modified":"2024-10-09T14:25:24","modified_gmt":"2024-10-09T14:25:24","slug":"sofa-table-quadra-encomenda-esc","status":"publish","type":"product","link":"https:\/\/deccore.com.br\/loja\/product\/sofa-table-quadra-encomenda-esc\/","title":{"rendered":"APARADOR QUADRA &#8211; ENCOMENDA. ESC."},"content":{"rendered":"","protected":false},"excerpt":{"rendered":"<p>AS0002 &#8211; Pintura Preta \/ \u00c9bano<br \/>\n1,60 x 0,30 x 0,59<br \/>\n2,00 x 0,30 x 0,59<br \/>\n2,40 x 0,30 x 0,59<\/p>\n<p>V\u00c1RIAS OP\u00c7\u00d5ES DE ACABAMENTOS.<\/p>\n","protected":false},"featured_media":13251,"template":"","meta":[],"product_brand":[],"product_cat":[68],"product_tag":[],"class_list":{"0":"post-13249","1":"product","2":"type-product","3":"status-publish","4":"has-post-thumbnail","6":"product_cat-aparador","8":"first","9":"instock","10":"shipping-taxable","11":"product-type-simple"},"_links":{"self":[{"href":"https:\/\/deccore.com.br\/loja\/wp-json\/wp\/v2\/product\/13249","targetHints":{"allow":["GET"]}}],"collection":[{"href":"https:\/\/deccore.com.br\/loja\/wp-json\/wp\/v2\/product"}],"about":[{"href":"https:\/\/deccore.com.br\/loja\/wp-json\/wp\/v2\/types\/product"}],"version-history":[{"count":3,"href":"https:\/\/deccore.com.br\/loja\/wp-json\/wp\/v2\/product\/13249\/revisions"}],"predecessor-version":[{"id":15538,"href":"https:\/\/deccore.com.br\/loja\/wp-json\/wp\/v2\/product\/13249\/revisions\/15538"}],"wp:featuredmedia":[{"embeddable":true,"href":"https:\/\/deccore.com.br\/loja\/wp-json\/wp\/v2\/media\/13251"}],"wp:attachment":[{"href":"https:\/\/deccore.com.br\/loja\/wp-json\/wp\/v2\/media?parent=13249"}],"wp:term":[{"taxonomy":"product_brand","embeddable":true,"href":"https:\/\/deccore.com.br\/loja\/wp-json\/wp\/v2\/product_brand?post=13249"},{"taxonomy":"product_cat","embeddable":true,"href":"https:\/\/deccore.com.br\/loja\/wp-json\/wp\/v2\/product_cat?post=13249"},{"taxonomy":"product_tag","embeddable":true,"href":"https:\/\/deccore.com.br\/loja\/wp-json\/wp\/v2\/product_tag?post=13249"}],"curies":[{"name":"wp","href":"https:\/\/api.w.org\/{rel}","templated":true}]}}