{"id":13596,"date":"2023-12-07T16:04:44","date_gmt":"2023-12-07T16:04:44","guid":{"rendered":"https:\/\/deccore.com.br\/loja\/?post_type=product&#038;p=13596"},"modified":"2023-12-07T16:04:44","modified_gmt":"2023-12-07T16:04:44","slug":"mesas-laterais-trama-encomenda","status":"publish","type":"product","link":"https:\/\/deccore.com.br\/loja\/product\/mesas-laterais-trama-encomenda\/","title":{"rendered":"MESAS LATERAIS TRAMA &#8211; ENCOMENDA"},"content":{"rendered":"","protected":false},"excerpt":{"rendered":"<p>V\u00c1RIAS OP\u00c7\u00d5ES DE ACABAMENTOS POR ENCOMENDA.<\/p>\n","protected":false},"featured_media":13597,"template":"","meta":[],"product_brand":[],"product_cat":[15,95],"product_tag":[],"class_list":{"0":"post-13596","1":"product","2":"type-product","3":"status-publish","4":"has-post-thumbnail","6":"product_cat-uncategorized","7":"product_cat-mesa-lateral","9":"first","10":"instock","11":"shipping-taxable","12":"product-type-simple"},"_links":{"self":[{"href":"https:\/\/deccore.com.br\/loja\/wp-json\/wp\/v2\/product\/13596","targetHints":{"allow":["GET"]}}],"collection":[{"href":"https:\/\/deccore.com.br\/loja\/wp-json\/wp\/v2\/product"}],"about":[{"href":"https:\/\/deccore.com.br\/loja\/wp-json\/wp\/v2\/types\/product"}],"version-history":[{"count":2,"href":"https:\/\/deccore.com.br\/loja\/wp-json\/wp\/v2\/product\/13596\/revisions"}],"predecessor-version":[{"id":13599,"href":"https:\/\/deccore.com.br\/loja\/wp-json\/wp\/v2\/product\/13596\/revisions\/13599"}],"wp:featuredmedia":[{"embeddable":true,"href":"https:\/\/deccore.com.br\/loja\/wp-json\/wp\/v2\/media\/13597"}],"wp:attachment":[{"href":"https:\/\/deccore.com.br\/loja\/wp-json\/wp\/v2\/media?parent=13596"}],"wp:term":[{"taxonomy":"product_brand","embeddable":true,"href":"https:\/\/deccore.com.br\/loja\/wp-json\/wp\/v2\/product_brand?post=13596"},{"taxonomy":"product_cat","embeddable":true,"href":"https:\/\/deccore.com.br\/loja\/wp-json\/wp\/v2\/product_cat?post=13596"},{"taxonomy":"product_tag","embeddable":true,"href":"https:\/\/deccore.com.br\/loja\/wp-json\/wp\/v2\/product_tag?post=13596"}],"curies":[{"name":"wp","href":"https:\/\/api.w.org\/{rel}","templated":true}]}}