{"id":13633,"date":"2023-12-13T13:19:38","date_gmt":"2023-12-13T13:19:38","guid":{"rendered":"https:\/\/deccore.com.br\/loja\/?post_type=product&#038;p=13633"},"modified":"2023-12-13T13:20:39","modified_gmt":"2023-12-13T13:20:39","slug":"banqueta-bar-cotti-tsst-encomenda","status":"publish","type":"product","link":"https:\/\/deccore.com.br\/loja\/product\/banqueta-bar-cotti-tsst-encomenda\/","title":{"rendered":"BANQUETA BAR COTTI &#8211; TSST &#8211; ENCOMENDA."},"content":{"rendered":"","protected":false},"excerpt":{"rendered":"<p>V\u00c1RIAS OP\u00c7\u00d5ES DE REVESTIMENTOS E ACABAENTOS.<br \/>\nBanqueta estofada em tecido com p\u00e9s em madeira maci\u00e7a.<br \/>\nMedidas: <\/p>\n<p>41 x 43 x 100 cm<\/p>\n","protected":false},"featured_media":13634,"template":"","meta":[],"product_brand":[],"product_cat":[100,78,107,80],"product_tag":[],"class_list":{"0":"post-13633","1":"product","2":"type-product","3":"status-publish","4":"has-post-thumbnail","6":"product_cat-banqueta","7":"product_cat-banquetas","8":"product_cat-bar","9":"product_cat-bistro","11":"first","12":"instock","13":"shipping-taxable","14":"product-type-simple"},"_links":{"self":[{"href":"https:\/\/deccore.com.br\/loja\/wp-json\/wp\/v2\/product\/13633","targetHints":{"allow":["GET"]}}],"collection":[{"href":"https:\/\/deccore.com.br\/loja\/wp-json\/wp\/v2\/product"}],"about":[{"href":"https:\/\/deccore.com.br\/loja\/wp-json\/wp\/v2\/types\/product"}],"version-history":[{"count":2,"href":"https:\/\/deccore.com.br\/loja\/wp-json\/wp\/v2\/product\/13633\/revisions"}],"predecessor-version":[{"id":13637,"href":"https:\/\/deccore.com.br\/loja\/wp-json\/wp\/v2\/product\/13633\/revisions\/13637"}],"wp:featuredmedia":[{"embeddable":true,"href":"https:\/\/deccore.com.br\/loja\/wp-json\/wp\/v2\/media\/13634"}],"wp:attachment":[{"href":"https:\/\/deccore.com.br\/loja\/wp-json\/wp\/v2\/media?parent=13633"}],"wp:term":[{"taxonomy":"product_brand","embeddable":true,"href":"https:\/\/deccore.com.br\/loja\/wp-json\/wp\/v2\/product_brand?post=13633"},{"taxonomy":"product_cat","embeddable":true,"href":"https:\/\/deccore.com.br\/loja\/wp-json\/wp\/v2\/product_cat?post=13633"},{"taxonomy":"product_tag","embeddable":true,"href":"https:\/\/deccore.com.br\/loja\/wp-json\/wp\/v2\/product_tag?post=13633"}],"curies":[{"name":"wp","href":"https:\/\/api.w.org\/{rel}","templated":true}]}}