{"id":13638,"date":"2023-12-13T13:22:47","date_gmt":"2023-12-13T13:22:47","guid":{"rendered":"https:\/\/deccore.com.br\/loja\/?post_type=product&#038;p=13638"},"modified":"2024-10-22T18:58:19","modified_gmt":"2024-10-22T18:58:19","slug":"cadeira-cotti-tsst-encomenda","status":"publish","type":"product","link":"https:\/\/deccore.com.br\/loja\/product\/cadeira-cotti-tsst-encomenda\/","title":{"rendered":"CADEIRA COTTI &#8211; TSST &#8211; ENCOMENDA."},"content":{"rendered":"","protected":false},"excerpt":{"rendered":"<p>V\u00c1RIAS OP\u00c7\u00d5ES DE ACABAMENTOS E REVESTIMENTOS.<br \/>\nCadeira estofada em tecido com p\u00e9s em madeira maci\u00e7a<\/p>\n<p>Medidas:<br \/>\n0,59 x 0,57 x 0,82 cm<\/p>\n","protected":false},"featured_media":13641,"template":"","meta":[],"product_brand":[],"product_cat":[101,62],"product_tag":[],"class_list":{"0":"post-13638","1":"product","2":"type-product","3":"status-publish","4":"has-post-thumbnail","6":"product_cat-cadeira","7":"product_cat-cadeiras","9":"first","10":"onbackorder","11":"shipping-taxable","12":"product-type-simple"},"_links":{"self":[{"href":"https:\/\/deccore.com.br\/loja\/wp-json\/wp\/v2\/product\/13638","targetHints":{"allow":["GET"]}}],"collection":[{"href":"https:\/\/deccore.com.br\/loja\/wp-json\/wp\/v2\/product"}],"about":[{"href":"https:\/\/deccore.com.br\/loja\/wp-json\/wp\/v2\/types\/product"}],"version-history":[{"count":2,"href":"https:\/\/deccore.com.br\/loja\/wp-json\/wp\/v2\/product\/13638\/revisions"}],"predecessor-version":[{"id":13642,"href":"https:\/\/deccore.com.br\/loja\/wp-json\/wp\/v2\/product\/13638\/revisions\/13642"}],"wp:featuredmedia":[{"embeddable":true,"href":"https:\/\/deccore.com.br\/loja\/wp-json\/wp\/v2\/media\/13641"}],"wp:attachment":[{"href":"https:\/\/deccore.com.br\/loja\/wp-json\/wp\/v2\/media?parent=13638"}],"wp:term":[{"taxonomy":"product_brand","embeddable":true,"href":"https:\/\/deccore.com.br\/loja\/wp-json\/wp\/v2\/product_brand?post=13638"},{"taxonomy":"product_cat","embeddable":true,"href":"https:\/\/deccore.com.br\/loja\/wp-json\/wp\/v2\/product_cat?post=13638"},{"taxonomy":"product_tag","embeddable":true,"href":"https:\/\/deccore.com.br\/loja\/wp-json\/wp\/v2\/product_tag?post=13638"}],"curies":[{"name":"wp","href":"https:\/\/api.w.org\/{rel}","templated":true}]}}