{"id":13643,"date":"2023-12-13T13:56:19","date_gmt":"2023-12-13T13:56:19","guid":{"rendered":"https:\/\/deccore.com.br\/loja\/?post_type=product&#038;p=13643"},"modified":"2023-12-13T13:58:24","modified_gmt":"2023-12-13T13:58:24","slug":"mesa-jantar-stone-ess-encomenda-designer-paolo-sartori","status":"publish","type":"product","link":"https:\/\/deccore.com.br\/loja\/product\/mesa-jantar-stone-ess-encomenda-designer-paolo-sartori\/","title":{"rendered":"MESA JANTAR STONE &#8211; ESS. &#8211; ENCOMENDA. DESIGNER: PAOLO SARTORI."},"content":{"rendered":"","protected":false},"excerpt":{"rendered":"<p>V\u00c1RIAS OP\u00c7\u00d5ES DE ACABAMENTOS E MEDIDAS.<br \/>\nAprecie a Mesa de Jantar Stone em a\u00e7\u00e3o, transformando um espa\u00e7o contempor\u00e2neo em uma obra-prima.<\/p>\n<p>Essa pe\u00e7a da Essenza tem um design imponente, que harmoniza perfeitamente com suas formas org\u00e2nicas.<\/p>\n","protected":false},"featured_media":13644,"template":"","meta":[],"product_brand":[],"product_cat":[15,69],"product_tag":[],"class_list":{"0":"post-13643","1":"product","2":"type-product","3":"status-publish","4":"has-post-thumbnail","6":"product_cat-uncategorized","7":"product_cat-mesa-jantar","9":"first","10":"instock","11":"shipping-taxable","12":"product-type-simple"},"_links":{"self":[{"href":"https:\/\/deccore.com.br\/loja\/wp-json\/wp\/v2\/product\/13643","targetHints":{"allow":["GET"]}}],"collection":[{"href":"https:\/\/deccore.com.br\/loja\/wp-json\/wp\/v2\/product"}],"about":[{"href":"https:\/\/deccore.com.br\/loja\/wp-json\/wp\/v2\/types\/product"}],"version-history":[{"count":2,"href":"https:\/\/deccore.com.br\/loja\/wp-json\/wp\/v2\/product\/13643\/revisions"}],"predecessor-version":[{"id":13648,"href":"https:\/\/deccore.com.br\/loja\/wp-json\/wp\/v2\/product\/13643\/revisions\/13648"}],"wp:featuredmedia":[{"embeddable":true,"href":"https:\/\/deccore.com.br\/loja\/wp-json\/wp\/v2\/media\/13644"}],"wp:attachment":[{"href":"https:\/\/deccore.com.br\/loja\/wp-json\/wp\/v2\/media?parent=13643"}],"wp:term":[{"taxonomy":"product_brand","embeddable":true,"href":"https:\/\/deccore.com.br\/loja\/wp-json\/wp\/v2\/product_brand?post=13643"},{"taxonomy":"product_cat","embeddable":true,"href":"https:\/\/deccore.com.br\/loja\/wp-json\/wp\/v2\/product_cat?post=13643"},{"taxonomy":"product_tag","embeddable":true,"href":"https:\/\/deccore.com.br\/loja\/wp-json\/wp\/v2\/product_tag?post=13643"}],"curies":[{"name":"wp","href":"https:\/\/api.w.org\/{rel}","templated":true}]}}