{"id":13649,"date":"2023-12-13T18:14:36","date_gmt":"2023-12-13T18:14:36","guid":{"rendered":"https:\/\/deccore.com.br\/loja\/?post_type=product&#038;p=13649"},"modified":"2024-11-13T15:32:24","modified_gmt":"2024-11-13T15:32:24","slug":"mesa-centro-tre-designer-leonardo-bueno","status":"publish","type":"product","link":"https:\/\/deccore.com.br\/loja\/product\/mesa-centro-tre-designer-leonardo-bueno\/","title":{"rendered":"MESA CENTRO TRE &#8211; DESIGNER: LEONARDO BUENO &#8211; Sob.Encomenda"},"content":{"rendered":"","protected":false},"excerpt":{"rendered":"<p>Mesa de centro Tre pelo artista pl\u00e1stico Leonardo Bueno<\/p>\n<p>&#8220;Alma de a\u00e7o revestido em madeira&#8221;, assim \u00e9 definida sua estrutura que faz parte do conceito &#8216;A Leveza do Bruto&#8217; criado pelo artista.<\/p>\n<p>O bruto n\u00e3o precisa ser pesado, carregado. O desafio \u00e9 justamente trazer para a mat\u00e9ria prima fria e pesada o calor e leveza.<\/p>\n<p>&#8220;A Arte de Viver da Arte&#8221; Leonardo Bueno<\/p>\n<p>Alt:0,38m(tampo mais alto)<br \/>\nLarg:1,62m<br \/>\nProf:1,20m<\/p>\n","protected":false},"featured_media":13650,"template":"","meta":[],"product_brand":[],"product_cat":[15,76],"product_tag":[],"class_list":{"0":"post-13649","1":"product","2":"type-product","3":"status-publish","4":"has-post-thumbnail","6":"product_cat-uncategorized","7":"product_cat-mesa-centro","9":"first","10":"onbackorder","11":"shipping-taxable","12":"product-type-simple"},"_links":{"self":[{"href":"https:\/\/deccore.com.br\/loja\/wp-json\/wp\/v2\/product\/13649","targetHints":{"allow":["GET"]}}],"collection":[{"href":"https:\/\/deccore.com.br\/loja\/wp-json\/wp\/v2\/product"}],"about":[{"href":"https:\/\/deccore.com.br\/loja\/wp-json\/wp\/v2\/types\/product"}],"version-history":[{"count":3,"href":"https:\/\/deccore.com.br\/loja\/wp-json\/wp\/v2\/product\/13649\/revisions"}],"predecessor-version":[{"id":15745,"href":"https:\/\/deccore.com.br\/loja\/wp-json\/wp\/v2\/product\/13649\/revisions\/15745"}],"wp:featuredmedia":[{"embeddable":true,"href":"https:\/\/deccore.com.br\/loja\/wp-json\/wp\/v2\/media\/13650"}],"wp:attachment":[{"href":"https:\/\/deccore.com.br\/loja\/wp-json\/wp\/v2\/media?parent=13649"}],"wp:term":[{"taxonomy":"product_brand","embeddable":true,"href":"https:\/\/deccore.com.br\/loja\/wp-json\/wp\/v2\/product_brand?post=13649"},{"taxonomy":"product_cat","embeddable":true,"href":"https:\/\/deccore.com.br\/loja\/wp-json\/wp\/v2\/product_cat?post=13649"},{"taxonomy":"product_tag","embeddable":true,"href":"https:\/\/deccore.com.br\/loja\/wp-json\/wp\/v2\/product_tag?post=13649"}],"curies":[{"name":"wp","href":"https:\/\/api.w.org\/{rel}","templated":true}]}}